{"id":1659,"date":"2025-10-01T20:47:49","date_gmt":"2025-10-01T20:47:49","guid":{"rendered":"https:\/\/mykonosgreeceholidays.com\/?page_id=1659"},"modified":"2025-10-05T19:25:00","modified_gmt":"2025-10-05T19:25:00","slug":"mykonos-greece-holidays-1","status":"publish","type":"page","link":"https:\/\/mykonosgreeceholidays.com\/fr\/mykonos-greece-holidays-1\/","title":{"rendered":"Homepage var1"},"content":{"rendered":"<div class=\"wpb-content-wrapper\"><div  class=\"in_row row wpb_row vc_row vc_row-fluid\"  ><div class=\"col-md-12\">\n\t\t<div class=\"wpb_wrapper\" style=\"\">\n\t\t\t\n\t<div class=\"wpb_raw_code wpb_content_element wpb_raw_html\" >\n\t\t<div class=\"wpb_wrapper\">\n\t\t\t<div class=\"grid\">\r\n                <div><\/div>\r\n                <div><\/div>\r\n                <div><\/div>\r\n                <div><\/div>\r\n            <\/div>\n\t\t<\/div>\n\t<\/div>\n\n\t<div class=\"title-subtitle-box\" style=\" text-align: center;\">\n\t\t<h1 style=\" font-size:60px; font-weight: normal;\" >A propos de <strong>Mykonos<\/strong> Greece Holidays<\/h1>\n\t<\/div> \n\t<div class=\"wpb_tabs wpb_content_element\" data-interval=\"0\">\n\t\t<div class=\"wpb_wrapper wpb_tour_tabs_wrapper ui-tabs vc_clearfix\">\n\t\t\t<ul class=\"wpb_tabs_nav ui-tabs-nav vc_clearfix\"><\/ul>\n\t<div id=\"tab-1416990633-1-91\" class=\"wpb_tab ui-tabs-panel wpb_ui-tabs-hide vc_clearfix\">\n\t\t<div class=\"vc_row wpb_row vc_inner vc_row-fluid vc_custom_1418297498928 vc_row-has-fill\"><div class=\"wpb_column vc_column_container vc_col-sm-3\"><div class=\"vc_column-inner\"><div class=\"wpb_wrapper\"><\/div><\/div><\/div><div class=\"wpb_column vc_column_container vc_col-sm-6\"><div class=\"vc_column-inner vc_custom_1743536457187\"><div class=\"wpb_wrapper\">\n\t<div class=\"wpb_video_widget wpb_content_element vc_clearfix   vc_video-aspect-ratio-169 vc_video-el-width-100 vc_video-align-left\" >\n\t\t<div class=\"wpb_wrapper\">\n\t\t\t\n\t\t\t<div class=\"wpb_video_wrapper\"><iframe loading=\"lazy\" title=\"Villa de luxe \u00e0 Mykonos : Vivre le r\u00eave !\" width=\"500\" height=\"281\" src=\"https:\/\/www.youtube.com\/embed\/pcUyptNfnp8?feature=oembed\" frameborder=\"0\" allow=\"accelerometer; autoplay; clipboard-write; encrypted-media; gyroscope; picture-in-picture; web-share\" referrerpolicy=\"strict-origin-when-cross-origin\" allowfullscreen><\/iframe><\/div>\n\t\t<\/div>\n\t<\/div>\n<\/div><\/div><\/div><div class=\"wpb_column vc_column_container vc_col-sm-3\"><div class=\"vc_column-inner\"><div class=\"wpb_wrapper\"><\/div><\/div><\/div><\/div><div class=\"vc_row wpb_row vc_inner vc_row-fluid\"><div class=\"wpb_column vc_column_container vc_col-sm-3\"><div class=\"vc_column-inner\"><div class=\"wpb_wrapper\"><\/div><\/div><\/div><div class=\"wpb_column vc_column_container vc_col-sm-6\"><div class=\"vc_column-inner\"><div class=\"wpb_wrapper\">\n\t<div class=\"wpb_text_column wpb_content_element  vc_custom_1743536444141\" >\n\t\t<div class=\"wpb_wrapper\">\n\t\t\t<p>Bienvenue dans notre paradis ! Si vous souhaitez louer une villa \u00e0 Mykonos en Gr\u00e8ce, vous avez choisi le bon site web. Nous pouvons vous assurer que votre s\u00e9jour \u00e0 Mykonos sera inoubliable.<\/p>\n<p>Notre hospitalit\u00e9 unique, l'architecture merveilleuse de nos villas et leur vue imprenable donnent les meilleures impressions \u00e0 nos visiteurs. Nos villas enti\u00e8rement \u00e9quip\u00e9es peuvent satisfaire les plus exigeants d'entre vous. Nous sommes toujours \u00e0 votre disposition pour r\u00e9pondre \u00e0 tous vos besoins et vous offrir le meilleur s\u00e9jour dans notre \u00eele pittoresque.<\/p>\n\n\t\t<\/div>\n\t<\/div>\n<\/div><\/div><\/div><div class=\"wpb_column vc_column_container vc_col-sm-3\"><div class=\"vc_column-inner\"><div class=\"wpb_wrapper\"><\/div><\/div><\/div><\/div>\n\t<\/div>\n\n\t\t<\/div>\n\t<\/div>\n\n\t\t<\/div> \n\t<\/div> \n<\/div>\n<\/div>","protected":false},"excerpt":{"rendered":"About Mykonos Greece Holidays Welcome to our paradise! If you want to rent a villa in Mykonos Greece then you have chosen the right website. We can assure you that accommodation in Mykonos will be unforgettable. Our unique hospitality, the wonderful architecture of our villas and their amazing view, give the best impressions to our<br class=\"read-more-spacer\"> <a class=\"more-link\" href=\"https:\/\/mykonosgreeceholidays.com\/fr\/mykonos-greece-holidays-1\/\"><i class=\"entypo entypo-right-open\"><\/i>Read More<\/a>","protected":false},"author":1,"featured_media":0,"parent":0,"menu_order":0,"comment_status":"open","ping_status":"closed","template":"theme-templates\/homepage-var2.php","meta":{"_acf_changed":false,"footnotes":""},"class_list":["post-1659","page","type-page","status-publish","hentry"],"yoast_head":"<!-- This site is optimized with the Yoast SEO plugin v27.5 - https:\/\/yoast.com\/product\/yoast-seo-wordpress\/ -->\n<title>Homepage var1 - Mykonos Greece Holidays<\/title>\n<meta name=\"description\" content=\"Discover four exclusive luxury villas in Mykonos, offering breathtaking sea views, private pools, and modern elegance. Perfect for a dream getaway in Greece. Book your stay today!\" \/>\n<meta name=\"robots\" content=\"index, follow, max-snippet:-1, max-image-preview:large, max-video-preview:-1\" \/>\n<link rel=\"canonical\" href=\"https:\/\/mykonosgreeceholidays.com\/fr\/mykonos-greece-holidays-1\/\" \/>\n<meta property=\"og:locale\" content=\"fr_FR\" \/>\n<meta property=\"og:type\" content=\"article\" \/>\n<meta property=\"og:title\" content=\"Homepage var1 - Mykonos Greece Holidays\" \/>\n<meta property=\"og:description\" content=\"Discover four exclusive luxury villas in Mykonos, offering breathtaking sea views, private pools, and modern elegance. Perfect for a dream getaway in Greece. Book your stay today!\" \/>\n<meta property=\"og:url\" content=\"https:\/\/mykonosgreeceholidays.com\/fr\/mykonos-greece-holidays-1\/\" \/>\n<meta property=\"og:site_name\" content=\"Mykonos Greece Holidays\" \/>\n<meta property=\"article:publisher\" content=\"https:\/\/www.facebook.com\/whitevillamykonos\" \/>\n<meta property=\"article:modified_time\" content=\"2025-10-05T19:25:00+00:00\" \/>\n<meta name=\"twitter:card\" content=\"summary_large_image\" \/>\n<meta name=\"twitter:label1\" content=\"Dur\u00e9e de lecture estim\u00e9e\" \/>\n\t<meta name=\"twitter:data1\" content=\"1 minute\" \/>\n<script type=\"application\/ld+json\" class=\"yoast-schema-graph\">{\"@context\":\"https:\\\/\\\/schema.org\",\"@graph\":[{\"@type\":\"WebPage\",\"@id\":\"https:\\\/\\\/mykonosgreeceholidays.com\\\/mykonos-greece-holidays-1\\\/\",\"url\":\"https:\\\/\\\/mykonosgreeceholidays.com\\\/mykonos-greece-holidays-1\\\/\",\"name\":\"Homepage var1 - Mykonos Greece Holidays\",\"isPartOf\":{\"@id\":\"https:\\\/\\\/mykonosgreeceholidays.com\\\/#website\"},\"datePublished\":\"2025-10-01T20:47:49+00:00\",\"dateModified\":\"2025-10-05T19:25:00+00:00\",\"description\":\"Discover four exclusive luxury villas in Mykonos, offering breathtaking sea views, private pools, and modern elegance. Perfect for a dream getaway in Greece. Book your stay today!\",\"breadcrumb\":{\"@id\":\"https:\\\/\\\/mykonosgreeceholidays.com\\\/mykonos-greece-holidays-1\\\/#breadcrumb\"},\"inLanguage\":\"fr-FR\",\"potentialAction\":[{\"@type\":\"ReadAction\",\"target\":[\"https:\\\/\\\/mykonosgreeceholidays.com\\\/mykonos-greece-holidays-1\\\/\"]}]},{\"@type\":\"BreadcrumbList\",\"@id\":\"https:\\\/\\\/mykonosgreeceholidays.com\\\/mykonos-greece-holidays-1\\\/#breadcrumb\",\"itemListElement\":[{\"@type\":\"ListItem\",\"position\":1,\"name\":\"\u0391\u03c1\u03c7\u03b9\u03ba\u03ae\",\"item\":\"https:\\\/\\\/mykonosgreeceholidays.com\\\/\"},{\"@type\":\"ListItem\",\"position\":2,\"name\":\"Homepage var1\"}]},{\"@type\":\"WebSite\",\"@id\":\"https:\\\/\\\/mykonosgreeceholidays.com\\\/#website\",\"url\":\"https:\\\/\\\/mykonosgreeceholidays.com\\\/\",\"name\":\"Mykonos Greece Holidays\",\"description\":\"Villas &amp; Accommodation\",\"publisher\":{\"@id\":\"https:\\\/\\\/mykonosgreeceholidays.com\\\/#organization\"},\"potentialAction\":[{\"@type\":\"SearchAction\",\"target\":{\"@type\":\"EntryPoint\",\"urlTemplate\":\"https:\\\/\\\/mykonosgreeceholidays.com\\\/?s={search_term_string}\"},\"query-input\":{\"@type\":\"PropertyValueSpecification\",\"valueRequired\":true,\"valueName\":\"search_term_string\"}}],\"inLanguage\":\"fr-FR\"},{\"@type\":\"Organization\",\"@id\":\"https:\\\/\\\/mykonosgreeceholidays.com\\\/#organization\",\"name\":\"Mykonos Greece Holidays\",\"url\":\"https:\\\/\\\/mykonosgreeceholidays.com\\\/\",\"logo\":{\"@type\":\"ImageObject\",\"inLanguage\":\"fr-FR\",\"@id\":\"https:\\\/\\\/mykonosgreeceholidays.com\\\/#\\\/schema\\\/logo\\\/image\\\/\",\"url\":\"https:\\\/\\\/mykonosgreeceholidays.com\\\/wp-content\\\/uploads\\\/2025\\\/01\\\/favicon.ico\",\"contentUrl\":\"https:\\\/\\\/mykonosgreeceholidays.com\\\/wp-content\\\/uploads\\\/2025\\\/01\\\/favicon.ico\",\"width\":55,\"height\":55,\"caption\":\"Mykonos Greece Holidays\"},\"image\":{\"@id\":\"https:\\\/\\\/mykonosgreeceholidays.com\\\/#\\\/schema\\\/logo\\\/image\\\/\"},\"sameAs\":[\"https:\\\/\\\/www.facebook.com\\\/whitevillamykonos\",\"https:\\\/\\\/www.facebook.com\\\/VillasKappas\",\"https:\\\/\\\/www.youtube.com\\\/@mykonosgreeceholidays-yt\",\"https:\\\/\\\/gr.pinterest.com\\\/villaskappas\\\/\",\"https:\\\/\\\/www.tiktok.com\\\/@villa.kappas.myko\"]}]}<\/script>\n<!-- \/ Yoast SEO plugin. -->","yoast_head_json":{"title":"Homepage var1 - Mykonos Greece Holidays","description":"Discover four exclusive luxury villas in Mykonos, offering breathtaking sea views, private pools, and modern elegance. Perfect for a dream getaway in Greece. Book your stay today!","robots":{"index":"index","follow":"follow","max-snippet":"max-snippet:-1","max-image-preview":"max-image-preview:large","max-video-preview":"max-video-preview:-1"},"canonical":"https:\/\/mykonosgreeceholidays.com\/fr\/mykonos-greece-holidays-1\/","og_locale":"fr_FR","og_type":"article","og_title":"Homepage var1 - Mykonos Greece Holidays","og_description":"Discover four exclusive luxury villas in Mykonos, offering breathtaking sea views, private pools, and modern elegance. Perfect for a dream getaway in Greece. Book your stay today!","og_url":"https:\/\/mykonosgreeceholidays.com\/fr\/mykonos-greece-holidays-1\/","og_site_name":"Mykonos Greece Holidays","article_publisher":"https:\/\/www.facebook.com\/whitevillamykonos","article_modified_time":"2025-10-05T19:25:00+00:00","twitter_card":"summary_large_image","twitter_misc":{"Dur\u00e9e de lecture estim\u00e9e":"1 minute"},"schema":{"@context":"https:\/\/schema.org","@graph":[{"@type":"WebPage","@id":"https:\/\/mykonosgreeceholidays.com\/mykonos-greece-holidays-1\/","url":"https:\/\/mykonosgreeceholidays.com\/mykonos-greece-holidays-1\/","name":"Homepage var1 - Mykonos Greece Holidays","isPartOf":{"@id":"https:\/\/mykonosgreeceholidays.com\/#website"},"datePublished":"2025-10-01T20:47:49+00:00","dateModified":"2025-10-05T19:25:00+00:00","description":"Discover four exclusive luxury villas in Mykonos, offering breathtaking sea views, private pools, and modern elegance. Perfect for a dream getaway in Greece. Book your stay today!","breadcrumb":{"@id":"https:\/\/mykonosgreeceholidays.com\/mykonos-greece-holidays-1\/#breadcrumb"},"inLanguage":"fr-FR","potentialAction":[{"@type":"ReadAction","target":["https:\/\/mykonosgreeceholidays.com\/mykonos-greece-holidays-1\/"]}]},{"@type":"BreadcrumbList","@id":"https:\/\/mykonosgreeceholidays.com\/mykonos-greece-holidays-1\/#breadcrumb","itemListElement":[{"@type":"ListItem","position":1,"name":"\u0391\u03c1\u03c7\u03b9\u03ba\u03ae","item":"https:\/\/mykonosgreeceholidays.com\/"},{"@type":"ListItem","position":2,"name":"Homepage var1"}]},{"@type":"WebSite","@id":"https:\/\/mykonosgreeceholidays.com\/#website","url":"https:\/\/mykonosgreeceholidays.com\/","name":"Mykonos Greece Holidays","description":"Villas &amp; Accommodation","publisher":{"@id":"https:\/\/mykonosgreeceholidays.com\/#organization"},"potentialAction":[{"@type":"SearchAction","target":{"@type":"EntryPoint","urlTemplate":"https:\/\/mykonosgreeceholidays.com\/?s={search_term_string}"},"query-input":{"@type":"PropertyValueSpecification","valueRequired":true,"valueName":"search_term_string"}}],"inLanguage":"fr-FR"},{"@type":"Organization","@id":"https:\/\/mykonosgreeceholidays.com\/#organization","name":"Mykonos Greece Holidays","url":"https:\/\/mykonosgreeceholidays.com\/","logo":{"@type":"ImageObject","inLanguage":"fr-FR","@id":"https:\/\/mykonosgreeceholidays.com\/#\/schema\/logo\/image\/","url":"https:\/\/mykonosgreeceholidays.com\/wp-content\/uploads\/2025\/01\/favicon.ico","contentUrl":"https:\/\/mykonosgreeceholidays.com\/wp-content\/uploads\/2025\/01\/favicon.ico","width":55,"height":55,"caption":"Mykonos Greece Holidays"},"image":{"@id":"https:\/\/mykonosgreeceholidays.com\/#\/schema\/logo\/image\/"},"sameAs":["https:\/\/www.facebook.com\/whitevillamykonos","https:\/\/www.facebook.com\/VillasKappas","https:\/\/www.youtube.com\/@mykonosgreeceholidays-yt","https:\/\/gr.pinterest.com\/villaskappas\/","https:\/\/www.tiktok.com\/@villa.kappas.myko"]}]}},"acf":[],"_links":{"self":[{"href":"https:\/\/mykonosgreeceholidays.com\/fr\/wp-json\/wp\/v2\/pages\/1659","targetHints":{"allow":["GET"]}}],"collection":[{"href":"https:\/\/mykonosgreeceholidays.com\/fr\/wp-json\/wp\/v2\/pages"}],"about":[{"href":"https:\/\/mykonosgreeceholidays.com\/fr\/wp-json\/wp\/v2\/types\/page"}],"author":[{"embeddable":true,"href":"https:\/\/mykonosgreeceholidays.com\/fr\/wp-json\/wp\/v2\/users\/1"}],"replies":[{"embeddable":true,"href":"https:\/\/mykonosgreeceholidays.com\/fr\/wp-json\/wp\/v2\/comments?post=1659"}],"version-history":[{"count":0,"href":"https:\/\/mykonosgreeceholidays.com\/fr\/wp-json\/wp\/v2\/pages\/1659\/revisions"}],"wp:attachment":[{"href":"https:\/\/mykonosgreeceholidays.com\/fr\/wp-json\/wp\/v2\/media?parent=1659"}],"curies":[{"name":"wp","href":"https:\/\/api.w.org\/{rel}","templated":true}]}}