{"id":1541,"date":"2025-02-25T06:19:48","date_gmt":"2025-02-25T06:19:48","guid":{"rendered":"https:\/\/mykonosgreeceholidays.com\/?page_id=1541"},"modified":"2025-09-19T13:19:40","modified_gmt":"2025-09-19T13:19:40","slug":"blog","status":"publish","type":"page","link":"https:\/\/mykonosgreeceholidays.com\/fr\/blog\/","title":{"rendered":"Blog"},"content":{"rendered":"<div class=\"wpb-content-wrapper\"><div  class=\"in_row row wpb_row vc_row vc_row-fluid\"  ><div class=\"col-md-12\">\n\t\t<div class=\"wpb_wrapper\" style=\"\">\n\t\t\t\n\t<div class=\"wpb_text_column wpb_content_element\" >\n\t\t<div class=\"wpb_wrapper\">\n\t\t\t<ul class=\"wp-block-latest-posts__list is-grid columns-3 has-dates wp-block-latest-posts\">\n<li>\n<div class=\"wp-block-latest-posts__featured-image\"><img loading=\"lazy\" decoding=\"async\" width=\"300\" height=\"125\" src=\"https:\/\/mykonosgreeceholidays.com\/wp-content\/uploads\/2025\/09\/Luxury-Vacation-Homes-300x125.jpg\" class=\"attachment-medium size-medium wp-post-image\" alt=\"Luxury Vacation Homes\" style=\"\" srcset=\"https:\/\/mykonosgreeceholidays.com\/wp-content\/uploads\/2025\/09\/Luxury-Vacation-Homes-300x125.jpg 300w, https:\/\/mykonosgreeceholidays.com\/wp-content\/uploads\/2025\/09\/Luxury-Vacation-Homes-1024x427.jpg 1024w, https:\/\/mykonosgreeceholidays.com\/wp-content\/uploads\/2025\/09\/Luxury-Vacation-Homes-768x320.jpg 768w, https:\/\/mykonosgreeceholidays.com\/wp-content\/uploads\/2025\/09\/Luxury-Vacation-Homes.jpg 1200w\" sizes=\"auto, (max-width: 300px) 100vw, 300px\" \/><\/div>\n<p><a class=\"wp-block-latest-posts__post-title\" href=\"https:\/\/mykonosgreeceholidays.com\/fr\/what-sets-luxury-vacation-homes-apart-from-the-rest\/\">Qu&#039;est-ce qui distingue les maisons de vacances de luxe des autres ?<\/a><time datetime=\"2025-09-16T12:43:28+00:00\" class=\"wp-block-latest-posts__post-date\">16\/09\/2025<\/time><\/p>\n<div class=\"wp-block-latest-posts__post-excerpt\">Pour une escapade inoubliable, chaque s\u00e9jour est unique. Les maisons de vacances de luxe offrent une combinaison exceptionnelle de confort, de raffinement et de privil\u00e8ges, sublimant votre voyage et vous faisant sortir des sentiers battus. De leurs vastes espaces int\u00e9rieurs \u00e0 leurs services personnalis\u00e9s, ces villas se distinguent souvent comme le choix id\u00e9al pour les voyageurs.<br class=\"read-more-spacer\"> <a class=\"more-link\" href=\"https:\/\/mykonosgreeceholidays.com\/fr\/what-sets-luxury-vacation-homes-apart-from-the-rest\/\"><i class=\"entypo entypo-right-open\"><\/i>Read More<\/a><\/div>\n<\/li>\n<li>\n<div class=\"wp-block-latest-posts__featured-image\"><img loading=\"lazy\" decoding=\"async\" width=\"300\" height=\"125\" src=\"https:\/\/mykonosgreeceholidays.com\/wp-content\/uploads\/2025\/09\/Luxury-Villas-with-Private-Chef-300x125.jpg\" class=\"attachment-medium size-medium wp-post-image\" alt=\"Luxury Villas with Private Chef\" style=\"\" srcset=\"https:\/\/mykonosgreeceholidays.com\/wp-content\/uploads\/2025\/09\/Luxury-Villas-with-Private-Chef-300x125.jpg 300w, https:\/\/mykonosgreeceholidays.com\/wp-content\/uploads\/2025\/09\/Luxury-Villas-with-Private-Chef-1024x427.jpg 1024w, https:\/\/mykonosgreeceholidays.com\/wp-content\/uploads\/2025\/09\/Luxury-Villas-with-Private-Chef-768x320.jpg 768w, https:\/\/mykonosgreeceholidays.com\/wp-content\/uploads\/2025\/09\/Luxury-Villas-with-Private-Chef.jpg 1200w\" sizes=\"auto, (max-width: 300px) 100vw, 300px\" \/><\/div>\n<p><a class=\"wp-block-latest-posts__post-title\" href=\"https:\/\/mykonosgreeceholidays.com\/fr\/why-luxury-villas-with-private-chef-are-in-high-demand\/\">Pourquoi les villas de luxe avec chef priv\u00e9 sont-elles si demand\u00e9es ?<\/a><time datetime=\"2025-09-04T08:54:03+00:00\" class=\"wp-block-latest-posts__post-date\">04\/09\/2025<\/time><\/p>\n<div class=\"wp-block-latest-posts__post-excerpt\">De nos jours, les voyages de luxe ont \u00e9volu\u00e9 bien au-del\u00e0 du simple s\u00e9jour \u00e0 l&#039;h\u00f4tel. Les voyageurs les plus exigeants recherchent des exp\u00e9riences uniques alliant isolement, confort et service personnalis\u00e9. Parmi les tendances les plus en vogue, on observe la demande pour les villas de luxe avec chef priv\u00e9 \u00e0 Mykonos. Cette combinaison de r\u00e9sidence luxueuse et de privil\u00e8ges exceptionnels s\u00e9duit particuli\u00e8rement.<br class=\"read-more-spacer\"> <a class=\"more-link\" href=\"https:\/\/mykonosgreeceholidays.com\/fr\/why-luxury-villas-with-private-chef-are-in-high-demand\/\"><i class=\"entypo entypo-right-open\"><\/i>Read More<\/a><\/div>\n<\/li>\n<li>\n<div class=\"wp-block-latest-posts__featured-image\"><img loading=\"lazy\" decoding=\"async\" width=\"300\" height=\"125\" src=\"https:\/\/mykonosgreeceholidays.com\/wp-content\/uploads\/2025\/08\/Cover-Image-1-1-300x125.jpg\" class=\"attachment-medium size-medium wp-post-image\" alt=\"Cover-Image\" style=\"\" srcset=\"https:\/\/mykonosgreeceholidays.com\/wp-content\/uploads\/2025\/08\/Cover-Image-1-1-300x125.jpg 300w, https:\/\/mykonosgreeceholidays.com\/wp-content\/uploads\/2025\/08\/Cover-Image-1-1-1024x427.jpg 1024w, https:\/\/mykonosgreeceholidays.com\/wp-content\/uploads\/2025\/08\/Cover-Image-1-1-768x320.jpg 768w, https:\/\/mykonosgreeceholidays.com\/wp-content\/uploads\/2025\/08\/Cover-Image-1-1.jpg 1200w\" sizes=\"auto, (max-width: 300px) 100vw, 300px\" \/><\/div>\n<p><a class=\"wp-block-latest-posts__post-title\" href=\"https:\/\/mykonosgreeceholidays.com\/fr\/how-vacation-rentals-provide-more-comfort-than-hotels\/\">Pourquoi les locations de vacances offrent plus de confort que les h\u00f4tels<\/a><time datetime=\"2025-08-19T12:50:57+00:00\" class=\"wp-block-latest-posts__post-date\">19\/08\/2025<\/time><\/p>\n<div class=\"wp-block-latest-posts__post-excerpt\">Les voyageurs qui planifient leurs vacances sont confront\u00e9s \u00e0 un choix crucial\u00a0: s\u00e9journer \u00e0 l\u2019h\u00f4tel ou louer une maison de vacances. La pr\u00e9f\u00e9rence traditionnelle pour les h\u00f4tels est aujourd\u2019hui concurrenc\u00e9e par les locations de vacances qui proposent des h\u00e9bergements confortables et personnalis\u00e9s. Gr\u00e2ce \u00e0 leur ambiance chaleureuse et \u00e0 leurs \u00e9quipements adapt\u00e9s aux voyageurs, les locations de vacances offrent une exp\u00e9rience unique, incomparable \u00e0 celle des h\u00f4tels.<br class=\"read-more-spacer\"> <a class=\"more-link\" href=\"https:\/\/mykonosgreeceholidays.com\/fr\/how-vacation-rentals-provide-more-comfort-than-hotels\/\"><i class=\"entypo entypo-right-open\"><\/i>Read More<\/a><\/div>\n<\/li>\n<li>\n<div class=\"wp-block-latest-posts__featured-image\"><img loading=\"lazy\" decoding=\"async\" width=\"300\" height=\"125\" src=\"https:\/\/mykonosgreeceholidays.com\/wp-content\/uploads\/2025\/08\/Cover-Image-2-300x125.jpg\" class=\"attachment-medium size-medium wp-post-image\" alt=\"Cover-Image\" style=\"\" srcset=\"https:\/\/mykonosgreeceholidays.com\/wp-content\/uploads\/2025\/08\/Cover-Image-2-300x125.jpg 300w, https:\/\/mykonosgreeceholidays.com\/wp-content\/uploads\/2025\/08\/Cover-Image-2-1024x427.jpg 1024w, https:\/\/mykonosgreeceholidays.com\/wp-content\/uploads\/2025\/08\/Cover-Image-2-768x320.jpg 768w, https:\/\/mykonosgreeceholidays.com\/wp-content\/uploads\/2025\/08\/Cover-Image-2.jpg 1200w\" sizes=\"auto, (max-width: 300px) 100vw, 300px\" \/><\/div>\n<p><a class=\"wp-block-latest-posts__post-title\" href=\"https:\/\/mykonosgreeceholidays.com\/fr\/what-to-expect-from-a-luxury-villa-with-a-private-chef\/\">\u00c0 quoi s&#039;attendre dans une villa de luxe avec chef priv\u00e9<\/a><time datetime=\"2025-08-14T12:50:15+00:00\" class=\"wp-block-latest-posts__post-date\">14\/08\/2025<\/time><\/p>\n<div class=\"wp-block-latest-posts__post-excerpt\">Le summum de l&#039;excellence en mati\u00e8re de vacances r\u00e9side dans l&#039;exp\u00e9rience d&#039;une villa de luxe, incluant les services d&#039;un chef priv\u00e9. Ce cadre unique allie h\u00e9bergement luxueux et prestations culinaires gastronomiques personnalis\u00e9es. Un chef professionnel \u00e0 votre disposition lors d&#039;un \u00e9v\u00e9nement sp\u00e9cial ou d&#039;une escapade d\u00e9contract\u00e9e transforme vos vacances en une exp\u00e9rience culinaire extraordinaire. Vous pouvez vous attendre \u00e0\u2026<br class=\"read-more-spacer\"> <a class=\"more-link\" href=\"https:\/\/mykonosgreeceholidays.com\/fr\/what-to-expect-from-a-luxury-villa-with-a-private-chef\/\"><i class=\"entypo entypo-right-open\"><\/i>Read More<\/a><\/div>\n<\/li>\n<li>\n<div class=\"wp-block-latest-posts__featured-image\"><img loading=\"lazy\" decoding=\"async\" width=\"300\" height=\"125\" src=\"https:\/\/mykonosgreeceholidays.com\/wp-content\/uploads\/2025\/07\/Cover-Image-1-300x125.jpg\" class=\"attachment-medium size-medium wp-post-image\" alt=\"Luxury Villa Vacation Experience\" style=\"\" srcset=\"https:\/\/mykonosgreeceholidays.com\/wp-content\/uploads\/2025\/07\/Cover-Image-1-300x125.jpg 300w, https:\/\/mykonosgreeceholidays.com\/wp-content\/uploads\/2025\/07\/Cover-Image-1-1024x427.jpg 1024w, https:\/\/mykonosgreeceholidays.com\/wp-content\/uploads\/2025\/07\/Cover-Image-1-768x320.jpg 768w, https:\/\/mykonosgreeceholidays.com\/wp-content\/uploads\/2025\/07\/Cover-Image-1.jpg 1200w\" sizes=\"auto, (max-width: 300px) 100vw, 300px\" \/><\/div>\n<p><a class=\"wp-block-latest-posts__post-title\" href=\"https:\/\/mykonosgreeceholidays.com\/fr\/how-a-private-chef-transforms-your-luxury-villa-vacation-experience\/\">Comment un chef priv\u00e9 transforme votre exp\u00e9rience de vacances dans une villa de luxe<\/a><time datetime=\"2025-07-16T16:09:52+00:00\" class=\"wp-block-latest-posts__post-date\">16\/07\/2025<\/time><\/p>\n<div class=\"wp-block-latest-posts__post-excerpt\">Lors de la planification d&#039;un s\u00e9jour de luxe inoubliable dans une villa avec chef priv\u00e9 \u00e0 Mykonos, l&#039;emplacement, les \u00e9quipements et les services personnalis\u00e9s que vous choisissez influencent grandement votre exp\u00e9rience. Parmi les nombreux services sur mesure propos\u00e9s, disposer d&#039;un chef priv\u00e9 est un atout ind\u00e9niable qui transformera vos vacances en un s\u00e9jour exceptionnel.<br class=\"read-more-spacer\"> <a class=\"more-link\" href=\"https:\/\/mykonosgreeceholidays.com\/fr\/how-a-private-chef-transforms-your-luxury-villa-vacation-experience\/\"><i class=\"entypo entypo-right-open\"><\/i>Read More<\/a><\/div>\n<\/li>\n<\/ul>\n\n\t\t<\/div>\n\t<\/div>\n\n\t\t<\/div> \n\t<\/div> \n<\/div><div  class=\"in_row row wpb_row vc_row vc_row-fluid\"  ><div class=\"col-md-12\">\n\t\t<div class=\"wpb_wrapper\" style=\"\">\n\t\t\t<div  class=\"vc_wp_posts wpb_content_element\">\n\t\t<div class=\"widget widget_recent_entries\">\n\t\t<h2 class=\"widgettitle\"><span class='gg-first-word'>Dernier<\/span> Messages<\/h2>\n\t\t<ul>\n\t\t\t\t\t\t\t\t\t\t\t<li>\n\t\t\t\t\t<a href=\"https:\/\/mykonosgreeceholidays.com\/fr\/what-sets-luxury-vacation-homes-apart-from-the-rest\/\">Qu&#039;est-ce qui distingue les maisons de vacances de luxe des autres ?<\/a>\n\t\t\t\t\t\t\t\t\t\t\t<span class=\"post-date\">16\/09\/2025<\/span>\n\t\t\t\t\t\t\t\t\t<\/li>\n\t\t\t\t\t\t\t\t\t\t\t<li>\n\t\t\t\t\t<a href=\"https:\/\/mykonosgreeceholidays.com\/fr\/why-luxury-villas-with-private-chef-are-in-high-demand\/\">Pourquoi les villas de luxe avec chef priv\u00e9 sont-elles si demand\u00e9es ?<\/a>\n\t\t\t\t\t\t\t\t\t\t\t<span class=\"post-date\">04\/09\/2025<\/span>\n\t\t\t\t\t\t\t\t\t<\/li>\n\t\t\t\t\t\t\t\t\t\t\t<li>\n\t\t\t\t\t<a href=\"https:\/\/mykonosgreeceholidays.com\/fr\/how-vacation-rentals-provide-more-comfort-than-hotels\/\">Pourquoi les locations de vacances offrent plus de confort que les h\u00f4tels<\/a>\n\t\t\t\t\t\t\t\t\t\t\t<span class=\"post-date\">19\/08\/2025<\/span>\n\t\t\t\t\t\t\t\t\t<\/li>\n\t\t\t\t\t\t\t\t\t\t\t<li>\n\t\t\t\t\t<a href=\"https:\/\/mykonosgreeceholidays.com\/fr\/what-to-expect-from-a-luxury-villa-with-a-private-chef\/\">\u00c0 quoi s&#039;attendre dans une villa de luxe avec chef priv\u00e9<\/a>\n\t\t\t\t\t\t\t\t\t\t\t<span class=\"post-date\">14\/08\/2025<\/span>\n\t\t\t\t\t\t\t\t\t<\/li>\n\t\t\t\t\t\t\t\t\t\t\t<li>\n\t\t\t\t\t<a href=\"https:\/\/mykonosgreeceholidays.com\/fr\/how-a-private-chef-transforms-your-luxury-villa-vacation-experience\/\">Comment un chef priv\u00e9 transforme votre exp\u00e9rience de vacances dans une villa de luxe<\/a>\n\t\t\t\t\t\t\t\t\t\t\t<span class=\"post-date\">16\/07\/2025<\/span>\n\t\t\t\t\t\t\t\t\t<\/li>\n\t\t\t\t\t\t\t\t\t\t\t<li>\n\t\t\t\t\t<a href=\"https:\/\/mykonosgreeceholidays.com\/fr\/how-holiday-villas-make-vacations-more-comfortable\/\">Comment les villas de vacances rendent les vacances plus confortables<\/a>\n\t\t\t\t\t\t\t\t\t\t\t<span class=\"post-date\">06\/07\/2025<\/span>\n\t\t\t\t\t\t\t\t\t<\/li>\n\t\t\t\t\t\t\t\t\t\t\t<li>\n\t\t\t\t\t<a href=\"https:\/\/mykonosgreeceholidays.com\/fr\/what-makes-white-villas-special-for-vacation-rentals\/\">Qu&#039;est-ce qui rend White Villas si sp\u00e9ciale pour les locations de vacances ?<\/a>\n\t\t\t\t\t\t\t\t\t\t\t<span class=\"post-date\">19\/06\/2025<\/span>\n\t\t\t\t\t\t\t\t\t<\/li>\n\t\t\t\t\t\t\t\t\t\t\t<li>\n\t\t\t\t\t<a href=\"https:\/\/mykonosgreeceholidays.com\/fr\/how-to-plan-a-hassle-free-trip-with-a-private-chauffeur\/\">Comment organiser un voyage sans tracas avec chauffeur priv\u00e9 ?<\/a>\n\t\t\t\t\t\t\t\t\t\t\t<span class=\"post-date\">11\/06\/2025<\/span>\n\t\t\t\t\t\t\t\t\t<\/li>\n\t\t\t\t\t\t\t\t\t\t\t<li>\n\t\t\t\t\t<a href=\"https:\/\/mykonosgreeceholidays.com\/fr\/what-you-need-to-know-before-booking-a-luxury-villa\/\">Ce que vous devez savoir avant de r\u00e9server une villa de luxe<\/a>\n\t\t\t\t\t\t\t\t\t\t\t<span class=\"post-date\">03\/06\/2025<\/span>\n\t\t\t\t\t\t\t\t\t<\/li>\n\t\t\t\t\t\t\t\t\t\t\t<li>\n\t\t\t\t\t<a href=\"https:\/\/mykonosgreeceholidays.com\/fr\/top-tips-for-hosting-luxury-events-and-parties-at-villas\/\">Conseils pour organiser des \u00e9v\u00e9nements et des f\u00eates de luxe dans des villas<\/a>\n\t\t\t\t\t\t\t\t\t\t\t<span class=\"post-date\">19\/05\/2025<\/span>\n\t\t\t\t\t\t\t\t\t<\/li>\n\t\t\t\t\t\t\t\t\t\t\t<li>\n\t\t\t\t\t<a href=\"https:\/\/mykonosgreeceholidays.com\/fr\/why-vacation-rentals-offer-the-best-of-both-comfort-and-adventure\/\">Pourquoi les locations de vacances offrent le meilleur du confort et de l&#039;aventure<\/a>\n\t\t\t\t\t\t\t\t\t\t\t<span class=\"post-date\">07\/05\/2025<\/span>\n\t\t\t\t\t\t\t\t\t<\/li>\n\t\t\t\t\t\t\t\t\t\t\t<li>\n\t\t\t\t\t<a href=\"https:\/\/mykonosgreeceholidays.com\/fr\/why-villas-with-spa-and-massage-should-be-on-your-travel-wishlist\/\">Pourquoi les villas avec spa et massage devraient-elles figurer sur votre liste de voyages ?<\/a>\n\t\t\t\t\t\t\t\t\t\t\t<span class=\"post-date\">28\/04\/2025<\/span>\n\t\t\t\t\t\t\t\t\t<\/li>\n\t\t\t\t\t\t\t\t\t\t\t<li>\n\t\t\t\t\t<a href=\"https:\/\/mykonosgreeceholidays.com\/fr\/why-on-site-villa-events-parties-are-the-new-go-to-for-private-celebrations\/\">Pourquoi les \u00e9v\u00e9nements et f\u00eates organis\u00e9s dans une villa sont la nouvelle option incontournable pour les c\u00e9l\u00e9brations priv\u00e9es<\/a>\n\t\t\t\t\t\t\t\t\t\t\t<span class=\"post-date\">24\/04\/2025<\/span>\n\t\t\t\t\t\t\t\t\t<\/li>\n\t\t\t\t\t\t\t\t\t\t\t<li>\n\t\t\t\t\t<a href=\"https:\/\/mykonosgreeceholidays.com\/fr\/romantic-villa-retreats-perfect-getaways-for-couples\/\">Escapades romantiques en villa : l&#039;id\u00e9al pour les couples<\/a>\n\t\t\t\t\t\t\t\t\t\t\t<span class=\"post-date\">25\/03\/2025<\/span>\n\t\t\t\t\t\t\t\t\t<\/li>\n\t\t\t\t\t\t\t\t\t\t\t<li>\n\t\t\t\t\t<a href=\"https:\/\/mykonosgreeceholidays.com\/fr\/how-to-choose-the-perfect-holiday-villa-for-your-next-escape\/\">Comment choisir la villa de vacances id\u00e9ale pour votre prochaine escapade ?<\/a>\n\t\t\t\t\t\t\t\t\t\t\t<span class=\"post-date\">12\/03\/2025<\/span>\n\t\t\t\t\t\t\t\t\t<\/li>\n\t\t\t\t\t\t\t\t\t\t\t<li>\n\t\t\t\t\t<a href=\"https:\/\/mykonosgreeceholidays.com\/fr\/why-mykonos-villas-are-the-perfect-wedding-venue\/\">Pourquoi les villas de Mykonos sont le lieu id\u00e9al pour un mariage<\/a>\n\t\t\t\t\t\t\t\t\t\t\t<span class=\"post-date\">18\/02\/2025<\/span>\n\t\t\t\t\t\t\t\t\t<\/li>\n\t\t\t\t\t\t\t\t\t\t\t<li>\n\t\t\t\t\t<a href=\"https:\/\/mykonosgreeceholidays.com\/fr\/private-pools-sunset-views-mykonos-villas-worth-every-penny\/\">Piscines priv\u00e9es et couchers de soleil \u00e0 couper le souffle\u00a0: les villas de Mykonos valent chaque centime.<\/a>\n\t\t\t\t\t\t\t\t\t\t\t<span class=\"post-date\">05\/02\/2025<\/span>\n\t\t\t\t\t\t\t\t\t<\/li>\n\t\t\t\t\t\t\t\t\t\t\t<li>\n\t\t\t\t\t<a href=\"https:\/\/mykonosgreeceholidays.com\/fr\/discover-the-top-villa-rentals-in-mykonos-your-ultimate-guide-to-luxury-getaways\/\">D\u00e9couvrez les plus belles villas \u00e0 louer \u00e0 Mykonos\u00a0: votre guide ultime pour des escapades de luxe<\/a>\n\t\t\t\t\t\t\t\t\t\t\t<span class=\"post-date\">22\/01\/2025<\/span>\n\t\t\t\t\t\t\t\t\t<\/li>\n\t\t\t\t\t\t\t\t\t\t\t<li>\n\t\t\t\t\t<a href=\"https:\/\/mykonosgreeceholidays.com\/fr\/your-ultimate-guide-to-the-best-spa-resorts-in-mykonos-for-a-blissful-retreat\/\">Votre guide ultime des meilleurs spas de Mykonos pour une escapade paradisiaque<\/a>\n\t\t\t\t\t\t\t\t\t\t\t<span class=\"post-date\">10\/01\/2025<\/span>\n\t\t\t\t\t\t\t\t\t<\/li>\n\t\t\t\t\t<\/ul>\n\n\t\t<\/div><\/div>\n\t\t<\/div> \n\t<\/div> \n<\/div>\n<\/div>","protected":false},"excerpt":{"rendered":"Latest Posts What Sets Luxury Vacation Homes Apart from the Rest 16\/09\/2025 Why Luxury Villas with Private Chef Are in High Demand 04\/09\/2025 How Vacation Rentals Provide More Comfort Than Hotels 19\/08\/2025 What to Expect from a Luxury Villa with a Private Chef 14\/08\/2025 How a Private Chef Transforms Your Luxury Villa Vacation Experience 16\/07\/2025<br class=\"read-more-spacer\"> <a class=\"more-link\" href=\"https:\/\/mykonosgreeceholidays.com\/fr\/blog\/\"><i class=\"entypo entypo-right-open\"><\/i>Read More<\/a>","protected":false},"author":2,"featured_media":0,"parent":0,"menu_order":0,"comment_status":"closed","ping_status":"closed","template":"","meta":{"_acf_changed":true,"footnotes":""},"class_list":["post-1541","page","type-page","status-publish","hentry"],"yoast_head":"<!-- This site is optimized with the Yoast SEO plugin v27.6 - https:\/\/yoast.com\/product\/yoast-seo-wordpress\/ -->\n<title>Blog - Mykonos Greece Holidays<\/title>\n<meta name=\"description\" content=\"Discover four exclusive luxury villas in Mykonos, offering breathtaking sea views, private pools, and modern elegance. Perfect for a dream getaway in Greece. Book your stay today!\" \/>\n<meta name=\"robots\" content=\"index, follow, max-snippet:-1, max-image-preview:large, max-video-preview:-1\" \/>\n<link rel=\"canonical\" href=\"https:\/\/mykonosgreeceholidays.com\/fr\/blog\/\" \/>\n<meta property=\"og:locale\" content=\"fr_FR\" \/>\n<meta property=\"og:type\" content=\"article\" \/>\n<meta property=\"og:title\" content=\"Blog - Mykonos Greece Holidays\" \/>\n<meta property=\"og:description\" content=\"Discover four exclusive luxury villas in Mykonos, offering breathtaking sea views, private pools, and modern elegance. Perfect for a dream getaway in Greece. Book your stay today!\" \/>\n<meta property=\"og:url\" content=\"https:\/\/mykonosgreeceholidays.com\/fr\/blog\/\" \/>\n<meta property=\"og:site_name\" content=\"Mykonos Greece Holidays\" \/>\n<meta property=\"article:publisher\" content=\"https:\/\/www.facebook.com\/whitevillamykonos\" \/>\n<meta property=\"article:modified_time\" content=\"2025-09-19T13:19:40+00:00\" \/>\n<meta name=\"twitter:card\" content=\"summary_large_image\" \/>\n<script type=\"application\/ld+json\" class=\"yoast-schema-graph\">{\"@context\":\"https:\\\/\\\/schema.org\",\"@graph\":[{\"@type\":\"WebPage\",\"@id\":\"https:\\\/\\\/mykonosgreeceholidays.com\\\/blog\\\/\",\"url\":\"https:\\\/\\\/mykonosgreeceholidays.com\\\/blog\\\/\",\"name\":\"Blog - Mykonos Greece Holidays\",\"isPartOf\":{\"@id\":\"https:\\\/\\\/mykonosgreeceholidays.com\\\/#website\"},\"datePublished\":\"2025-02-25T06:19:48+00:00\",\"dateModified\":\"2025-09-19T13:19:40+00:00\",\"description\":\"Discover four exclusive luxury villas in Mykonos, offering breathtaking sea views, private pools, and modern elegance. Perfect for a dream getaway in Greece. Book your stay today!\",\"breadcrumb\":{\"@id\":\"https:\\\/\\\/mykonosgreeceholidays.com\\\/blog\\\/#breadcrumb\"},\"inLanguage\":\"fr-FR\",\"potentialAction\":[{\"@type\":\"ReadAction\",\"target\":[\"https:\\\/\\\/mykonosgreeceholidays.com\\\/blog\\\/\"]}]},{\"@type\":\"BreadcrumbList\",\"@id\":\"https:\\\/\\\/mykonosgreeceholidays.com\\\/blog\\\/#breadcrumb\",\"itemListElement\":[{\"@type\":\"ListItem\",\"position\":1,\"name\":\"\u0391\u03c1\u03c7\u03b9\u03ba\u03ae\",\"item\":\"https:\\\/\\\/mykonosgreeceholidays.com\\\/\"},{\"@type\":\"ListItem\",\"position\":2,\"name\":\"Blog\"}]},{\"@type\":\"WebSite\",\"@id\":\"https:\\\/\\\/mykonosgreeceholidays.com\\\/#website\",\"url\":\"https:\\\/\\\/mykonosgreeceholidays.com\\\/\",\"name\":\"Mykonos Greece Holidays\",\"description\":\"Villas &amp; Accommodation\",\"publisher\":{\"@id\":\"https:\\\/\\\/mykonosgreeceholidays.com\\\/#organization\"},\"potentialAction\":[{\"@type\":\"SearchAction\",\"target\":{\"@type\":\"EntryPoint\",\"urlTemplate\":\"https:\\\/\\\/mykonosgreeceholidays.com\\\/?s={search_term_string}\"},\"query-input\":{\"@type\":\"PropertyValueSpecification\",\"valueRequired\":true,\"valueName\":\"search_term_string\"}}],\"inLanguage\":\"fr-FR\"},{\"@type\":\"Organization\",\"@id\":\"https:\\\/\\\/mykonosgreeceholidays.com\\\/#organization\",\"name\":\"Mykonos Greece Holidays\",\"url\":\"https:\\\/\\\/mykonosgreeceholidays.com\\\/\",\"logo\":{\"@type\":\"ImageObject\",\"inLanguage\":\"fr-FR\",\"@id\":\"https:\\\/\\\/mykonosgreeceholidays.com\\\/#\\\/schema\\\/logo\\\/image\\\/\",\"url\":\"https:\\\/\\\/mykonosgreeceholidays.com\\\/wp-content\\\/uploads\\\/2025\\\/01\\\/favicon.ico\",\"contentUrl\":\"https:\\\/\\\/mykonosgreeceholidays.com\\\/wp-content\\\/uploads\\\/2025\\\/01\\\/favicon.ico\",\"width\":55,\"height\":55,\"caption\":\"Mykonos Greece Holidays\"},\"image\":{\"@id\":\"https:\\\/\\\/mykonosgreeceholidays.com\\\/#\\\/schema\\\/logo\\\/image\\\/\"},\"sameAs\":[\"https:\\\/\\\/www.facebook.com\\\/whitevillamykonos\",\"https:\\\/\\\/www.facebook.com\\\/VillasKappas\",\"https:\\\/\\\/www.youtube.com\\\/@mykonosgreeceholidays-yt\",\"https:\\\/\\\/gr.pinterest.com\\\/villaskappas\\\/\",\"https:\\\/\\\/www.tiktok.com\\\/@villa.kappas.myko\"]}]}<\/script>\n<!-- \/ Yoast SEO plugin. -->","yoast_head_json":{"title":"Blog - Mykonos Greece Holidays","description":"Discover four exclusive luxury villas in Mykonos, offering breathtaking sea views, private pools, and modern elegance. Perfect for a dream getaway in Greece. Book your stay today!","robots":{"index":"index","follow":"follow","max-snippet":"max-snippet:-1","max-image-preview":"max-image-preview:large","max-video-preview":"max-video-preview:-1"},"canonical":"https:\/\/mykonosgreeceholidays.com\/fr\/blog\/","og_locale":"fr_FR","og_type":"article","og_title":"Blog - Mykonos Greece Holidays","og_description":"Discover four exclusive luxury villas in Mykonos, offering breathtaking sea views, private pools, and modern elegance. Perfect for a dream getaway in Greece. Book your stay today!","og_url":"https:\/\/mykonosgreeceholidays.com\/fr\/blog\/","og_site_name":"Mykonos Greece Holidays","article_publisher":"https:\/\/www.facebook.com\/whitevillamykonos","article_modified_time":"2025-09-19T13:19:40+00:00","twitter_card":"summary_large_image","schema":{"@context":"https:\/\/schema.org","@graph":[{"@type":"WebPage","@id":"https:\/\/mykonosgreeceholidays.com\/blog\/","url":"https:\/\/mykonosgreeceholidays.com\/blog\/","name":"Blog - Mykonos Greece Holidays","isPartOf":{"@id":"https:\/\/mykonosgreeceholidays.com\/#website"},"datePublished":"2025-02-25T06:19:48+00:00","dateModified":"2025-09-19T13:19:40+00:00","description":"Discover four exclusive luxury villas in Mykonos, offering breathtaking sea views, private pools, and modern elegance. Perfect for a dream getaway in Greece. Book your stay today!","breadcrumb":{"@id":"https:\/\/mykonosgreeceholidays.com\/blog\/#breadcrumb"},"inLanguage":"fr-FR","potentialAction":[{"@type":"ReadAction","target":["https:\/\/mykonosgreeceholidays.com\/blog\/"]}]},{"@type":"BreadcrumbList","@id":"https:\/\/mykonosgreeceholidays.com\/blog\/#breadcrumb","itemListElement":[{"@type":"ListItem","position":1,"name":"\u0391\u03c1\u03c7\u03b9\u03ba\u03ae","item":"https:\/\/mykonosgreeceholidays.com\/"},{"@type":"ListItem","position":2,"name":"Blog"}]},{"@type":"WebSite","@id":"https:\/\/mykonosgreeceholidays.com\/#website","url":"https:\/\/mykonosgreeceholidays.com\/","name":"Mykonos Greece Holidays","description":"Villas &amp; Accommodation","publisher":{"@id":"https:\/\/mykonosgreeceholidays.com\/#organization"},"potentialAction":[{"@type":"SearchAction","target":{"@type":"EntryPoint","urlTemplate":"https:\/\/mykonosgreeceholidays.com\/?s={search_term_string}"},"query-input":{"@type":"PropertyValueSpecification","valueRequired":true,"valueName":"search_term_string"}}],"inLanguage":"fr-FR"},{"@type":"Organization","@id":"https:\/\/mykonosgreeceholidays.com\/#organization","name":"Mykonos Greece Holidays","url":"https:\/\/mykonosgreeceholidays.com\/","logo":{"@type":"ImageObject","inLanguage":"fr-FR","@id":"https:\/\/mykonosgreeceholidays.com\/#\/schema\/logo\/image\/","url":"https:\/\/mykonosgreeceholidays.com\/wp-content\/uploads\/2025\/01\/favicon.ico","contentUrl":"https:\/\/mykonosgreeceholidays.com\/wp-content\/uploads\/2025\/01\/favicon.ico","width":55,"height":55,"caption":"Mykonos Greece Holidays"},"image":{"@id":"https:\/\/mykonosgreeceholidays.com\/#\/schema\/logo\/image\/"},"sameAs":["https:\/\/www.facebook.com\/whitevillamykonos","https:\/\/www.facebook.com\/VillasKappas","https:\/\/www.youtube.com\/@mykonosgreeceholidays-yt","https:\/\/gr.pinterest.com\/villaskappas\/","https:\/\/www.tiktok.com\/@villa.kappas.myko"]}]}},"acf":[],"_links":{"self":[{"href":"https:\/\/mykonosgreeceholidays.com\/fr\/wp-json\/wp\/v2\/pages\/1541","targetHints":{"allow":["GET"]}}],"collection":[{"href":"https:\/\/mykonosgreeceholidays.com\/fr\/wp-json\/wp\/v2\/pages"}],"about":[{"href":"https:\/\/mykonosgreeceholidays.com\/fr\/wp-json\/wp\/v2\/types\/page"}],"author":[{"embeddable":true,"href":"https:\/\/mykonosgreeceholidays.com\/fr\/wp-json\/wp\/v2\/users\/2"}],"replies":[{"embeddable":true,"href":"https:\/\/mykonosgreeceholidays.com\/fr\/wp-json\/wp\/v2\/comments?post=1541"}],"version-history":[{"count":0,"href":"https:\/\/mykonosgreeceholidays.com\/fr\/wp-json\/wp\/v2\/pages\/1541\/revisions"}],"wp:attachment":[{"href":"https:\/\/mykonosgreeceholidays.com\/fr\/wp-json\/wp\/v2\/media?parent=1541"}],"curies":[{"name":"wp","href":"https:\/\/api.w.org\/{rel}","templated":true}]}}