{"id":434,"date":"2014-11-25T15:47:43","date_gmt":"2014-11-25T15:47:43","guid":{"rendered":"http:\/\/localhost:8888\/luxuryvilla\/?page_id=434"},"modified":"2026-02-02T20:25:37","modified_gmt":"2026-02-02T20:25:37","slug":"mykonos-greece-holidays-2","status":"publish","type":"page","link":"https:\/\/mykonosgreeceholidays.com\/es\/","title":{"rendered":"Homepage var2"},"content":{"rendered":"<div class=\"wpb-content-wrapper\"><div  class=\"in_row row wpb_row vc_row vc_row-fluid\"  ><div class=\"col-md-12\">\n\t\t<div class=\"wpb_wrapper\" style=\"\">\n\t\t\t\n\t<div class=\"wpb_raw_code wpb_raw_js\" >\n\t\t<div class=\"wpb_wrapper\">\n\t\t\t<script>\njQuery( '#qrfs' ).attr( 'disabled', true);\njQuery( '#quick-reservation' ).on( 'status.field.bv', function( e, data ) {\n    const $this = jQuery( this );\n\n    jQuery( '#qrfs', $this ).attr( 'disabled', jQuery('.form-group.has-feedback.has-success', $this).length < 3 );\n});\n<\/script>\n\t\t<\/div>\n\t<\/div>\n\n\t<div class=\"wpb_raw_code wpb_content_element wpb_raw_html\" >\n\t\t<div class=\"wpb_wrapper\">\n\t\t\t<div class=\"grid\">\r\n                <div><\/div>\r\n                <div><\/div>\r\n                <div><\/div>\r\n                <div><\/div>\r\n            <\/div>\n\t\t<\/div>\n\t<\/div>\n\n\t<div class=\"title-subtitle-box\" style=\" text-align: center;\">\n\t\t<h1 style=\" font-size:60px; font-weight: normal;\" >Acerca de <strong>Mykonos<\/strong> Greece Holidays<\/h1>\n\t<\/div> \n\t<div class=\"wpb_tabs wpb_content_element\" data-interval=\"0\">\n\t\t<div class=\"wpb_wrapper wpb_tour_tabs_wrapper ui-tabs vc_clearfix\">\n\t\t\t<ul class=\"wpb_tabs_nav ui-tabs-nav vc_clearfix\"><\/ul>\n\t<div id=\"tab-1416990633-1-91\" class=\"wpb_tab ui-tabs-panel wpb_ui-tabs-hide vc_clearfix\">\n\t\t<div class=\"vc_row wpb_row vc_inner vc_row-fluid vc_custom_1418297498928 vc_row-has-fill\"><div class=\"wpb_column vc_column_container vc_col-sm-3\"><div class=\"vc_column-inner\"><div class=\"wpb_wrapper\"><\/div><\/div><\/div><div class=\"inner-column-homepage wpb_column vc_column_container vc_col-sm-6\"><div class=\"vc_column-inner vc_custom_1759693066757\"><div class=\"wpb_wrapper\">\n\t<div class=\"wpb_video_widget wpb_content_element vc_clearfix  wpb_animate_when_almost_visible wpb_fadeInUp fadeInUp  vc_video-aspect-ratio-169 vc_video-el-width-100 vc_video-align-left\" id=\"homepage-video-section\">\n\t\t<div class=\"wpb_wrapper\">\n\t\t\t\n\t\t\t<div class=\"wpb_video_wrapper\"><iframe loading=\"lazy\" title=\"Villa de lujo en Mykonos: \u00a1Vive el sue\u00f1o!\" width=\"500\" height=\"281\" src=\"https:\/\/www.youtube.com\/embed\/pcUyptNfnp8?feature=oembed\" frameborder=\"0\" allow=\"accelerometer; autoplay; clipboard-write; encrypted-media; gyroscope; picture-in-picture; web-share\" referrerpolicy=\"strict-origin-when-cross-origin\" allowfullscreen><\/iframe><\/div>\n\t\t<\/div>\n\t<\/div>\n<\/div><\/div><\/div><div class=\"wpb_column vc_column_container vc_col-sm-3\"><div class=\"vc_column-inner\"><div class=\"wpb_wrapper\"><\/div><\/div><\/div><\/div><div class=\"vc_row wpb_row vc_inner vc_row-fluid\"><div class=\"wpb_column vc_column_container vc_col-sm-3\"><div class=\"vc_column-inner\"><div class=\"wpb_wrapper\"><\/div><\/div><\/div><div class=\"wpb_column vc_column_container vc_col-sm-6\"><div class=\"vc_column-inner\"><div class=\"wpb_wrapper\">\n\t<div class=\"wpb_text_column wpb_content_element  vc_custom_1766184501483\" >\n\t\t<div class=\"wpb_wrapper\">\n\t\t\t<h2>El arte de la hospitalidad de Mykonos: una colecci\u00f3n de villas exclusivas<\/h2>\n<p>Bienvenido a un mundo donde la tradici\u00f3n cicl\u00e1dica se fusiona con la grandeza contempor\u00e1nea. Nuestra selecta colecci\u00f3n de cuatro propiedades de lujo ofrece mucho m\u00e1s que un simple alojamiento; es una puerta de entrada al aut\u00e9ntico estilo de vida de Mykonos, dise\u00f1ado para quienes buscan la excelencia en cada detalle.<\/p>\n<h3>\u00bfPor qu\u00e9 elegir nuestras fincas?<\/h3>\n<p>Cada villa de nuestra cartera ha sido dise\u00f1ada meticulosamente para armonizar con la belleza natural de la isla, ofreciendo al mismo tiempo la m\u00e1xima expresi\u00f3n del lujo moderno. Desde las serenas costas de\u00a0<b>Agios Sostis<\/b>\u00a0a la vibrante costa de\u00a0<b>Kalafatis<\/b>, Nuestras propiedades sirven como santuarios privados para el viajero exigente.<\/p>\n<ul>\n<li><b>Maestr\u00eda arquitect\u00f3nica:<\/b>\u00a0Est\u00e9tica ic\u00f3nica de bordes suaves e interiores elegantes que reflejan el alma del Egeo.<\/li>\n<li><b>Privacidad inigualable:<\/b>\u00a0Retiros apartados que ofrecen paz y tranquilidad, pero que a la vez se mantienen a pocos minutos del coraz\u00f3n cosmopolita de la isla.<\/li>\n<li><b>Servicio a medida:<\/b>\u00a0Nuestra filosof\u00eda se basa en la filoxenia. Desde chefs privados hasta servicios de conserjer\u00eda especializados, estamos aqu\u00ed para crear una estancia tan \u00fanica como usted.<\/li>\n<\/ul>\n<p>Ya sea que est\u00e9 buscando un refugio familiar, una escapada rom\u00e1ntica o el lugar perfecto para una gran celebraci\u00f3n, lo invitamos a descubrir su propio pedazo de para\u00edso.<\/p>\n<p style=\"text-align: center;\"><b>Tu historia de Mykonos comienza aqu\u00ed.<\/b><\/p>\n\n\t\t<\/div>\n\t<\/div>\n<\/div><\/div><\/div><div class=\"wpb_column vc_column_container vc_col-sm-3\"><div class=\"vc_column-inner\"><div class=\"wpb_wrapper\"><\/div><\/div><\/div><\/div>\n\t<\/div>\n\n\t\t<\/div>\n\t<\/div>\n\n\t\t<\/div> \n\t<\/div> \n<\/div>\n<\/div>","protected":false},"excerpt":{"rendered":"About Mykonos Greece Holidays The Art of Mykonian Hospitality: An Exclusive Villa Collection Welcome to a world where Cycladic tradition meets contemporary grandeur. Our handpicked collection of four luxury estates offers more than just a place to stay; it provides a gateway to the authentic Mykonian lifestyle, designed for those who demand excellence in every<br class=\"read-more-spacer\"> <a class=\"more-link\" href=\"https:\/\/mykonosgreeceholidays.com\/es\/\"><i class=\"entypo entypo-right-open\"><\/i>Read More<\/a>","protected":false},"author":1,"featured_media":0,"parent":0,"menu_order":0,"comment_status":"open","ping_status":"open","template":"theme-templates\/homepage-var2.php","meta":{"_acf_changed":false,"footnotes":""},"class_list":["post-434","page","type-page","status-publish","hentry"],"yoast_head":"<!-- This site is optimized with the Yoast SEO plugin v27.6 - https:\/\/yoast.com\/product\/yoast-seo-wordpress\/ -->\n<title>Mykonos Greece Luxury Villas and Vacation Rentals<\/title>\n<meta name=\"description\" content=\"Escape to a luxurious beach villa in Mykonos,Greece, where breathtaking Aegean Sea views meet modern elegance. Discover unparalleled comfort and charm here!\" \/>\n<meta name=\"robots\" content=\"index, follow, max-snippet:-1, max-image-preview:large, max-video-preview:-1\" \/>\n<link rel=\"canonical\" href=\"https:\/\/mykonosgreeceholidays.com\/es\/\" \/>\n<meta property=\"og:locale\" content=\"es_ES\" \/>\n<meta property=\"og:type\" content=\"article\" \/>\n<meta property=\"og:title\" content=\"Mykonos Greece Luxury Villas and Vacation Rentals\" \/>\n<meta property=\"og:description\" content=\"Escape to a luxurious beach villa in Mykonos,Greece, where breathtaking Aegean Sea views meet modern elegance. Discover unparalleled comfort and charm here!\" \/>\n<meta property=\"og:url\" content=\"https:\/\/mykonosgreeceholidays.com\/es\/\" \/>\n<meta property=\"og:site_name\" content=\"Mykonos Greece Holidays\" \/>\n<meta property=\"article:publisher\" content=\"https:\/\/www.facebook.com\/whitevillamykonos\" \/>\n<meta property=\"article:modified_time\" content=\"2026-02-02T20:25:37+00:00\" \/>\n<meta name=\"twitter:card\" content=\"summary_large_image\" \/>\n<meta name=\"twitter:label1\" content=\"Tiempo de lectura\" \/>\n\t<meta name=\"twitter:data1\" content=\"2 minutos\" \/>\n<script type=\"application\/ld+json\" class=\"yoast-schema-graph\">{\"@context\":\"https:\\\/\\\/schema.org\",\"@graph\":[{\"@type\":\"WebPage\",\"@id\":\"https:\\\/\\\/mykonosgreeceholidays.com\\\/\",\"url\":\"https:\\\/\\\/mykonosgreeceholidays.com\\\/\",\"name\":\"Mykonos Greece Luxury Villas and Vacation Rentals\",\"isPartOf\":{\"@id\":\"https:\\\/\\\/mykonosgreeceholidays.com\\\/#website\"},\"datePublished\":\"2014-11-25T15:47:43+00:00\",\"dateModified\":\"2026-02-02T20:25:37+00:00\",\"description\":\"Escape to a luxurious beach villa in Mykonos,Greece, where breathtaking Aegean Sea views meet modern elegance. Discover unparalleled comfort and charm here!\",\"breadcrumb\":{\"@id\":\"https:\\\/\\\/mykonosgreeceholidays.com\\\/#breadcrumb\"},\"inLanguage\":\"es\",\"potentialAction\":[{\"@type\":\"ReadAction\",\"target\":[\"https:\\\/\\\/mykonosgreeceholidays.com\\\/\"]}]},{\"@type\":\"BreadcrumbList\",\"@id\":\"https:\\\/\\\/mykonosgreeceholidays.com\\\/#breadcrumb\",\"itemListElement\":[{\"@type\":\"ListItem\",\"position\":1,\"name\":\"\u0391\u03c1\u03c7\u03b9\u03ba\u03ae\",\"item\":\"https:\\\/\\\/mykonosgreeceholidays.com\\\/\"},{\"@type\":\"ListItem\",\"position\":2,\"name\":\"Homepage var2\"}]},{\"@type\":\"WebSite\",\"@id\":\"https:\\\/\\\/mykonosgreeceholidays.com\\\/#website\",\"url\":\"https:\\\/\\\/mykonosgreeceholidays.com\\\/\",\"name\":\"Mykonos Greece Holidays\",\"description\":\"Villas &amp; Accommodation\",\"publisher\":{\"@id\":\"https:\\\/\\\/mykonosgreeceholidays.com\\\/#organization\"},\"potentialAction\":[{\"@type\":\"SearchAction\",\"target\":{\"@type\":\"EntryPoint\",\"urlTemplate\":\"https:\\\/\\\/mykonosgreeceholidays.com\\\/?s={search_term_string}\"},\"query-input\":{\"@type\":\"PropertyValueSpecification\",\"valueRequired\":true,\"valueName\":\"search_term_string\"}}],\"inLanguage\":\"es\"},{\"@type\":\"Organization\",\"@id\":\"https:\\\/\\\/mykonosgreeceholidays.com\\\/#organization\",\"name\":\"Mykonos Greece Holidays\",\"url\":\"https:\\\/\\\/mykonosgreeceholidays.com\\\/\",\"logo\":{\"@type\":\"ImageObject\",\"inLanguage\":\"es\",\"@id\":\"https:\\\/\\\/mykonosgreeceholidays.com\\\/#\\\/schema\\\/logo\\\/image\\\/\",\"url\":\"https:\\\/\\\/mykonosgreeceholidays.com\\\/wp-content\\\/uploads\\\/2025\\\/01\\\/favicon.ico\",\"contentUrl\":\"https:\\\/\\\/mykonosgreeceholidays.com\\\/wp-content\\\/uploads\\\/2025\\\/01\\\/favicon.ico\",\"width\":55,\"height\":55,\"caption\":\"Mykonos Greece Holidays\"},\"image\":{\"@id\":\"https:\\\/\\\/mykonosgreeceholidays.com\\\/#\\\/schema\\\/logo\\\/image\\\/\"},\"sameAs\":[\"https:\\\/\\\/www.facebook.com\\\/whitevillamykonos\",\"https:\\\/\\\/www.facebook.com\\\/VillasKappas\",\"https:\\\/\\\/www.youtube.com\\\/@mykonosgreeceholidays-yt\",\"https:\\\/\\\/gr.pinterest.com\\\/villaskappas\\\/\",\"https:\\\/\\\/www.tiktok.com\\\/@villa.kappas.myko\"]}]}<\/script>\n<!-- \/ Yoast SEO plugin. -->","yoast_head_json":{"title":"Mykonos Greece Luxury Villas and Vacation Rentals","description":"Escape to a luxurious beach villa in Mykonos,Greece, where breathtaking Aegean Sea views meet modern elegance. Discover unparalleled comfort and charm here!","robots":{"index":"index","follow":"follow","max-snippet":"max-snippet:-1","max-image-preview":"max-image-preview:large","max-video-preview":"max-video-preview:-1"},"canonical":"https:\/\/mykonosgreeceholidays.com\/es\/","og_locale":"es_ES","og_type":"article","og_title":"Mykonos Greece Luxury Villas and Vacation Rentals","og_description":"Escape to a luxurious beach villa in Mykonos,Greece, where breathtaking Aegean Sea views meet modern elegance. Discover unparalleled comfort and charm here!","og_url":"https:\/\/mykonosgreeceholidays.com\/es\/","og_site_name":"Mykonos Greece Holidays","article_publisher":"https:\/\/www.facebook.com\/whitevillamykonos","article_modified_time":"2026-02-02T20:25:37+00:00","twitter_card":"summary_large_image","twitter_misc":{"Tiempo de lectura":"2 minutos"},"schema":{"@context":"https:\/\/schema.org","@graph":[{"@type":"WebPage","@id":"https:\/\/mykonosgreeceholidays.com\/","url":"https:\/\/mykonosgreeceholidays.com\/","name":"Mykonos Greece Luxury Villas and Vacation Rentals","isPartOf":{"@id":"https:\/\/mykonosgreeceholidays.com\/#website"},"datePublished":"2014-11-25T15:47:43+00:00","dateModified":"2026-02-02T20:25:37+00:00","description":"Escape to a luxurious beach villa in Mykonos,Greece, where breathtaking Aegean Sea views meet modern elegance. Discover unparalleled comfort and charm here!","breadcrumb":{"@id":"https:\/\/mykonosgreeceholidays.com\/#breadcrumb"},"inLanguage":"es","potentialAction":[{"@type":"ReadAction","target":["https:\/\/mykonosgreeceholidays.com\/"]}]},{"@type":"BreadcrumbList","@id":"https:\/\/mykonosgreeceholidays.com\/#breadcrumb","itemListElement":[{"@type":"ListItem","position":1,"name":"\u0391\u03c1\u03c7\u03b9\u03ba\u03ae","item":"https:\/\/mykonosgreeceholidays.com\/"},{"@type":"ListItem","position":2,"name":"Homepage var2"}]},{"@type":"WebSite","@id":"https:\/\/mykonosgreeceholidays.com\/#website","url":"https:\/\/mykonosgreeceholidays.com\/","name":"Mykonos Greece Holidays","description":"Villas &amp; Accommodation","publisher":{"@id":"https:\/\/mykonosgreeceholidays.com\/#organization"},"potentialAction":[{"@type":"SearchAction","target":{"@type":"EntryPoint","urlTemplate":"https:\/\/mykonosgreeceholidays.com\/?s={search_term_string}"},"query-input":{"@type":"PropertyValueSpecification","valueRequired":true,"valueName":"search_term_string"}}],"inLanguage":"es"},{"@type":"Organization","@id":"https:\/\/mykonosgreeceholidays.com\/#organization","name":"Mykonos Greece Holidays","url":"https:\/\/mykonosgreeceholidays.com\/","logo":{"@type":"ImageObject","inLanguage":"es","@id":"https:\/\/mykonosgreeceholidays.com\/#\/schema\/logo\/image\/","url":"https:\/\/mykonosgreeceholidays.com\/wp-content\/uploads\/2025\/01\/favicon.ico","contentUrl":"https:\/\/mykonosgreeceholidays.com\/wp-content\/uploads\/2025\/01\/favicon.ico","width":55,"height":55,"caption":"Mykonos Greece Holidays"},"image":{"@id":"https:\/\/mykonosgreeceholidays.com\/#\/schema\/logo\/image\/"},"sameAs":["https:\/\/www.facebook.com\/whitevillamykonos","https:\/\/www.facebook.com\/VillasKappas","https:\/\/www.youtube.com\/@mykonosgreeceholidays-yt","https:\/\/gr.pinterest.com\/villaskappas\/","https:\/\/www.tiktok.com\/@villa.kappas.myko"]}]}},"acf":[],"_links":{"self":[{"href":"https:\/\/mykonosgreeceholidays.com\/es\/wp-json\/wp\/v2\/pages\/434","targetHints":{"allow":["GET"]}}],"collection":[{"href":"https:\/\/mykonosgreeceholidays.com\/es\/wp-json\/wp\/v2\/pages"}],"about":[{"href":"https:\/\/mykonosgreeceholidays.com\/es\/wp-json\/wp\/v2\/types\/page"}],"author":[{"embeddable":true,"href":"https:\/\/mykonosgreeceholidays.com\/es\/wp-json\/wp\/v2\/users\/1"}],"replies":[{"embeddable":true,"href":"https:\/\/mykonosgreeceholidays.com\/es\/wp-json\/wp\/v2\/comments?post=434"}],"version-history":[{"count":0,"href":"https:\/\/mykonosgreeceholidays.com\/es\/wp-json\/wp\/v2\/pages\/434\/revisions"}],"wp:attachment":[{"href":"https:\/\/mykonosgreeceholidays.com\/es\/wp-json\/wp\/v2\/media?parent=434"}],"curies":[{"name":"wp","href":"https:\/\/api.w.org\/{rel}","templated":true}]}}