{"id":1541,"date":"2025-02-25T06:19:48","date_gmt":"2025-02-25T06:19:48","guid":{"rendered":"https:\/\/mykonosgreeceholidays.com\/?page_id=1541"},"modified":"2025-09-19T13:19:40","modified_gmt":"2025-09-19T13:19:40","slug":"blog","status":"publish","type":"page","link":"https:\/\/mykonosgreeceholidays.com\/es\/blog\/","title":{"rendered":"Blog"},"content":{"rendered":"<div class=\"wpb-content-wrapper\"><div  class=\"in_row row wpb_row vc_row vc_row-fluid\"  ><div class=\"col-md-12\">\n\t\t<div class=\"wpb_wrapper\" style=\"\">\n\t\t\t\n\t<div class=\"wpb_text_column wpb_content_element\" >\n\t\t<div class=\"wpb_wrapper\">\n\t\t\t<ul class=\"wp-block-latest-posts__list is-grid columns-3 has-dates wp-block-latest-posts\">\n<li>\n<div class=\"wp-block-latest-posts__featured-image\"><img loading=\"lazy\" decoding=\"async\" width=\"300\" height=\"125\" src=\"https:\/\/mykonosgreeceholidays.com\/wp-content\/uploads\/2025\/09\/Luxury-Vacation-Homes-300x125.jpg\" class=\"attachment-medium size-medium wp-post-image\" alt=\"Luxury Vacation Homes\" style=\"\" srcset=\"https:\/\/mykonosgreeceholidays.com\/wp-content\/uploads\/2025\/09\/Luxury-Vacation-Homes-300x125.jpg 300w, https:\/\/mykonosgreeceholidays.com\/wp-content\/uploads\/2025\/09\/Luxury-Vacation-Homes-1024x427.jpg 1024w, https:\/\/mykonosgreeceholidays.com\/wp-content\/uploads\/2025\/09\/Luxury-Vacation-Homes-768x320.jpg 768w, https:\/\/mykonosgreeceholidays.com\/wp-content\/uploads\/2025\/09\/Luxury-Vacation-Homes.jpg 1200w\" sizes=\"auto, (max-width: 300px) 100vw, 300px\" \/><\/div>\n<p><a class=\"wp-block-latest-posts__post-title\" href=\"https:\/\/mykonosgreeceholidays.com\/es\/what-sets-luxury-vacation-homes-apart-from-the-rest\/\">\u00bfQu\u00e9 diferencia a las casas de vacaciones de lujo del resto?<\/a><time datetime=\"2025-09-16T12:43:28+00:00\" class=\"wp-block-latest-posts__post-date\">16\/09\/2025<\/time><\/p>\n<div class=\"wp-block-latest-posts__post-excerpt\">A la hora de organizar un retiro inolvidable, no todas las estancias son iguales. Las casas vacacionales de lujo ofrecen una combinaci\u00f3n \u00fanica de comodidad, realeza y privilegio que mejora tu experiencia de viaje fuera de la rutina. Desde amplios interiores hasta servicios personalizados, estas villas suelen destacarse como la opci\u00f3n ideal para exploradores.<br class=\"read-more-spacer\"> <a class=\"more-link\" href=\"https:\/\/mykonosgreeceholidays.com\/es\/what-sets-luxury-vacation-homes-apart-from-the-rest\/\"><i class=\"entypo entypo-right-open\"><\/i>Read More<\/a><\/div>\n<\/li>\n<li>\n<div class=\"wp-block-latest-posts__featured-image\"><img loading=\"lazy\" decoding=\"async\" width=\"300\" height=\"125\" src=\"https:\/\/mykonosgreeceholidays.com\/wp-content\/uploads\/2025\/09\/Luxury-Villas-with-Private-Chef-300x125.jpg\" class=\"attachment-medium size-medium wp-post-image\" alt=\"Luxury Villas with Private Chef\" style=\"\" srcset=\"https:\/\/mykonosgreeceholidays.com\/wp-content\/uploads\/2025\/09\/Luxury-Villas-with-Private-Chef-300x125.jpg 300w, https:\/\/mykonosgreeceholidays.com\/wp-content\/uploads\/2025\/09\/Luxury-Villas-with-Private-Chef-1024x427.jpg 1024w, https:\/\/mykonosgreeceholidays.com\/wp-content\/uploads\/2025\/09\/Luxury-Villas-with-Private-Chef-768x320.jpg 768w, https:\/\/mykonosgreeceholidays.com\/wp-content\/uploads\/2025\/09\/Luxury-Villas-with-Private-Chef.jpg 1200w\" sizes=\"auto, (max-width: 300px) 100vw, 300px\" \/><\/div>\n<p><a class=\"wp-block-latest-posts__post-title\" href=\"https:\/\/mykonosgreeceholidays.com\/es\/why-luxury-villas-with-private-chef-are-in-high-demand\/\">\u00bfPor qu\u00e9 las villas de lujo con chef privado tienen tanta demanda?<\/a><time datetime=\"2025-09-04T08:54:03+00:00\" class=\"wp-block-latest-posts__post-date\">04\/09\/2025<\/time><\/p>\n<div class=\"wp-block-latest-posts__post-excerpt\">En la actualidad, los viajes de lujo han cambiado m\u00e1s que la tradicional estancia en un hotel. Los exploradores m\u00e1s perspicaces buscan experiencias espec\u00edficas que incluyan aislamiento, comodidad y un servicio personalizado. Entre las modas en auge en el mundo se encuentra la demanda de villas de lujo con chef privado en Mykonos. Esta combinaci\u00f3n de residencia de lujo, combinada con el privilegio \u00fanico...<br class=\"read-more-spacer\"> <a class=\"more-link\" href=\"https:\/\/mykonosgreeceholidays.com\/es\/why-luxury-villas-with-private-chef-are-in-high-demand\/\"><i class=\"entypo entypo-right-open\"><\/i>Read More<\/a><\/div>\n<\/li>\n<li>\n<div class=\"wp-block-latest-posts__featured-image\"><img loading=\"lazy\" decoding=\"async\" width=\"300\" height=\"125\" src=\"https:\/\/mykonosgreeceholidays.com\/wp-content\/uploads\/2025\/08\/Cover-Image-1-1-300x125.jpg\" class=\"attachment-medium size-medium wp-post-image\" alt=\"Cover-Image\" style=\"\" srcset=\"https:\/\/mykonosgreeceholidays.com\/wp-content\/uploads\/2025\/08\/Cover-Image-1-1-300x125.jpg 300w, https:\/\/mykonosgreeceholidays.com\/wp-content\/uploads\/2025\/08\/Cover-Image-1-1-1024x427.jpg 1024w, https:\/\/mykonosgreeceholidays.com\/wp-content\/uploads\/2025\/08\/Cover-Image-1-1-768x320.jpg 768w, https:\/\/mykonosgreeceholidays.com\/wp-content\/uploads\/2025\/08\/Cover-Image-1-1.jpg 1200w\" sizes=\"auto, (max-width: 300px) 100vw, 300px\" \/><\/div>\n<p><a class=\"wp-block-latest-posts__post-title\" href=\"https:\/\/mykonosgreeceholidays.com\/es\/how-vacation-rentals-provide-more-comfort-than-hotels\/\">C\u00f3mo los alquileres vacacionales ofrecen m\u00e1s comodidad que los hoteles<\/a><time datetime=\"2025-08-19T12:50:57+00:00\" class=\"wp-block-latest-posts__post-date\">19\/08\/2025<\/time><\/p>\n<div class=\"wp-block-latest-posts__post-excerpt\">Los viajeros que planean sus vacaciones se enfrentan a la dif\u00edcil decisi\u00f3n de alojarse en hoteles o alquilar propiedades vacacionales. La preferencia tradicional por los hoteles se enfrenta ahora a la creciente competencia de los alquileres vacacionales, que ofrecen opciones de alojamiento personalizadas y c\u00f3modas. Los alquileres vacacionales ofrecen una experiencia que los hoteles no pueden igualar gracias a su combinaci\u00f3n de ambiente acogedor y comodidades para el viajero.<br class=\"read-more-spacer\"> <a class=\"more-link\" href=\"https:\/\/mykonosgreeceholidays.com\/es\/how-vacation-rentals-provide-more-comfort-than-hotels\/\"><i class=\"entypo entypo-right-open\"><\/i>Read More<\/a><\/div>\n<\/li>\n<li>\n<div class=\"wp-block-latest-posts__featured-image\"><img loading=\"lazy\" decoding=\"async\" width=\"300\" height=\"125\" src=\"https:\/\/mykonosgreeceholidays.com\/wp-content\/uploads\/2025\/08\/Cover-Image-2-300x125.jpg\" class=\"attachment-medium size-medium wp-post-image\" alt=\"Cover-Image\" style=\"\" srcset=\"https:\/\/mykonosgreeceholidays.com\/wp-content\/uploads\/2025\/08\/Cover-Image-2-300x125.jpg 300w, https:\/\/mykonosgreeceholidays.com\/wp-content\/uploads\/2025\/08\/Cover-Image-2-1024x427.jpg 1024w, https:\/\/mykonosgreeceholidays.com\/wp-content\/uploads\/2025\/08\/Cover-Image-2-768x320.jpg 768w, https:\/\/mykonosgreeceholidays.com\/wp-content\/uploads\/2025\/08\/Cover-Image-2.jpg 1200w\" sizes=\"auto, (max-width: 300px) 100vw, 300px\" \/><\/div>\n<p><a class=\"wp-block-latest-posts__post-title\" href=\"https:\/\/mykonosgreeceholidays.com\/es\/what-to-expect-from-a-luxury-villa-with-a-private-chef\/\">Qu\u00e9 esperar de una villa de lujo con chef privado<\/a><time datetime=\"2025-08-14T12:50:15+00:00\" class=\"wp-block-latest-posts__post-date\">14\/08\/2025<\/time><\/p>\n<div class=\"wp-block-latest-posts__post-excerpt\">La cumbre de la excelencia vacacional reside en la experiencia de una villa de lujo, que incluye los servicios de un chef privado. Este entorno vacacional \u00fanico combina alojamiento de lujo con servicios culinarios gourmet personalizados. Un chef profesional a su disposici\u00f3n durante un evento especial o una escapada informal convierte sus vacaciones en una experiencia culinaria extraordinaria. Puede esperar...<br class=\"read-more-spacer\"> <a class=\"more-link\" href=\"https:\/\/mykonosgreeceholidays.com\/es\/what-to-expect-from-a-luxury-villa-with-a-private-chef\/\"><i class=\"entypo entypo-right-open\"><\/i>Read More<\/a><\/div>\n<\/li>\n<li>\n<div class=\"wp-block-latest-posts__featured-image\"><img loading=\"lazy\" decoding=\"async\" width=\"300\" height=\"125\" src=\"https:\/\/mykonosgreeceholidays.com\/wp-content\/uploads\/2025\/07\/Cover-Image-1-300x125.jpg\" class=\"attachment-medium size-medium wp-post-image\" alt=\"Luxury Villa Vacation Experience\" style=\"\" srcset=\"https:\/\/mykonosgreeceholidays.com\/wp-content\/uploads\/2025\/07\/Cover-Image-1-300x125.jpg 300w, https:\/\/mykonosgreeceholidays.com\/wp-content\/uploads\/2025\/07\/Cover-Image-1-1024x427.jpg 1024w, https:\/\/mykonosgreeceholidays.com\/wp-content\/uploads\/2025\/07\/Cover-Image-1-768x320.jpg 768w, https:\/\/mykonosgreeceholidays.com\/wp-content\/uploads\/2025\/07\/Cover-Image-1.jpg 1200w\" sizes=\"auto, (max-width: 300px) 100vw, 300px\" \/><\/div>\n<p><a class=\"wp-block-latest-posts__post-title\" href=\"https:\/\/mykonosgreeceholidays.com\/es\/how-a-private-chef-transforms-your-luxury-villa-vacation-experience\/\">C\u00f3mo un chef privado transforma tus vacaciones en una villa de lujo<\/a><time datetime=\"2025-07-16T16:09:52+00:00\" class=\"wp-block-latest-posts__post-date\">16\/07\/2025<\/time><\/p>\n<div class=\"wp-block-latest-posts__post-excerpt\">Al planificar las mejores Villas de Lujo con Chef Privado en Mykonos, la ubicaci\u00f3n, las instalaciones y los servicios personalizados que elija influir\u00e1n en su experiencia general. De los muchos servicios personalizados disponibles, uno que sin duda har\u00e1 que sus vacaciones pasen de ser excelentes a fant\u00e1sticas es tener su propia villa privada.<br class=\"read-more-spacer\"> <a class=\"more-link\" href=\"https:\/\/mykonosgreeceholidays.com\/es\/how-a-private-chef-transforms-your-luxury-villa-vacation-experience\/\"><i class=\"entypo entypo-right-open\"><\/i>Read More<\/a><\/div>\n<\/li>\n<\/ul>\n\n\t\t<\/div>\n\t<\/div>\n\n\t\t<\/div> \n\t<\/div> \n<\/div><div  class=\"in_row row wpb_row vc_row vc_row-fluid\"  ><div class=\"col-md-12\">\n\t\t<div class=\"wpb_wrapper\" style=\"\">\n\t\t\t<div  class=\"vc_wp_posts wpb_content_element\">\n\t\t<div class=\"widget widget_recent_entries\">\n\t\t<h2 class=\"widgettitle\"><span class='gg-first-word'>El \u00faltimo<\/span> Publicaciones<\/h2>\n\t\t<ul>\n\t\t\t\t\t\t\t\t\t\t\t<li>\n\t\t\t\t\t<a href=\"https:\/\/mykonosgreeceholidays.com\/es\/what-sets-luxury-vacation-homes-apart-from-the-rest\/\">\u00bfQu\u00e9 diferencia a las casas de vacaciones de lujo del resto?<\/a>\n\t\t\t\t\t\t\t\t\t\t\t<span class=\"post-date\">16\/09\/2025<\/span>\n\t\t\t\t\t\t\t\t\t<\/li>\n\t\t\t\t\t\t\t\t\t\t\t<li>\n\t\t\t\t\t<a href=\"https:\/\/mykonosgreeceholidays.com\/es\/why-luxury-villas-with-private-chef-are-in-high-demand\/\">\u00bfPor qu\u00e9 las villas de lujo con chef privado tienen tanta demanda?<\/a>\n\t\t\t\t\t\t\t\t\t\t\t<span class=\"post-date\">04\/09\/2025<\/span>\n\t\t\t\t\t\t\t\t\t<\/li>\n\t\t\t\t\t\t\t\t\t\t\t<li>\n\t\t\t\t\t<a href=\"https:\/\/mykonosgreeceholidays.com\/es\/how-vacation-rentals-provide-more-comfort-than-hotels\/\">C\u00f3mo los alquileres vacacionales ofrecen m\u00e1s comodidad que los hoteles<\/a>\n\t\t\t\t\t\t\t\t\t\t\t<span class=\"post-date\">19\/08\/2025<\/span>\n\t\t\t\t\t\t\t\t\t<\/li>\n\t\t\t\t\t\t\t\t\t\t\t<li>\n\t\t\t\t\t<a href=\"https:\/\/mykonosgreeceholidays.com\/es\/what-to-expect-from-a-luxury-villa-with-a-private-chef\/\">Qu\u00e9 esperar de una villa de lujo con chef privado<\/a>\n\t\t\t\t\t\t\t\t\t\t\t<span class=\"post-date\">14\/08\/2025<\/span>\n\t\t\t\t\t\t\t\t\t<\/li>\n\t\t\t\t\t\t\t\t\t\t\t<li>\n\t\t\t\t\t<a href=\"https:\/\/mykonosgreeceholidays.com\/es\/how-a-private-chef-transforms-your-luxury-villa-vacation-experience\/\">C\u00f3mo un chef privado transforma tus vacaciones en una villa de lujo<\/a>\n\t\t\t\t\t\t\t\t\t\t\t<span class=\"post-date\">16\/07\/2025<\/span>\n\t\t\t\t\t\t\t\t\t<\/li>\n\t\t\t\t\t\t\t\t\t\t\t<li>\n\t\t\t\t\t<a href=\"https:\/\/mykonosgreeceholidays.com\/es\/how-holiday-villas-make-vacations-more-comfortable\/\">C\u00f3mo las villas vacacionales hacen que las vacaciones sean m\u00e1s c\u00f3modas<\/a>\n\t\t\t\t\t\t\t\t\t\t\t<span class=\"post-date\">06\/07\/2025<\/span>\n\t\t\t\t\t\t\t\t\t<\/li>\n\t\t\t\t\t\t\t\t\t\t\t<li>\n\t\t\t\t\t<a href=\"https:\/\/mykonosgreeceholidays.com\/es\/what-makes-white-villas-special-for-vacation-rentals\/\">\u00bfQu\u00e9 hace que White Villas sea especial para alquileres vacacionales?<\/a>\n\t\t\t\t\t\t\t\t\t\t\t<span class=\"post-date\">19\/06\/2025<\/span>\n\t\t\t\t\t\t\t\t\t<\/li>\n\t\t\t\t\t\t\t\t\t\t\t<li>\n\t\t\t\t\t<a href=\"https:\/\/mykonosgreeceholidays.com\/es\/how-to-plan-a-hassle-free-trip-with-a-private-chauffeur\/\">\u00bfC\u00f3mo planificar un viaje sin complicaciones con un chofer privado?<\/a>\n\t\t\t\t\t\t\t\t\t\t\t<span class=\"post-date\">11\/06\/2025<\/span>\n\t\t\t\t\t\t\t\t\t<\/li>\n\t\t\t\t\t\t\t\t\t\t\t<li>\n\t\t\t\t\t<a href=\"https:\/\/mykonosgreeceholidays.com\/es\/what-you-need-to-know-before-booking-a-luxury-villa\/\">Lo que necesita saber antes de reservar una villa de lujo<\/a>\n\t\t\t\t\t\t\t\t\t\t\t<span class=\"post-date\">03\/06\/2025<\/span>\n\t\t\t\t\t\t\t\t\t<\/li>\n\t\t\t\t\t\t\t\t\t\t\t<li>\n\t\t\t\t\t<a href=\"https:\/\/mykonosgreeceholidays.com\/es\/top-tips-for-hosting-luxury-events-and-parties-at-villas\/\">Los mejores consejos para organizar eventos y fiestas de lujo en villas<\/a>\n\t\t\t\t\t\t\t\t\t\t\t<span class=\"post-date\">19\/05\/2025<\/span>\n\t\t\t\t\t\t\t\t\t<\/li>\n\t\t\t\t\t\t\t\t\t\t\t<li>\n\t\t\t\t\t<a href=\"https:\/\/mykonosgreeceholidays.com\/es\/why-vacation-rentals-offer-the-best-of-both-comfort-and-adventure\/\">Por qu\u00e9 los alquileres vacacionales ofrecen lo mejor de la comodidad y la aventura<\/a>\n\t\t\t\t\t\t\t\t\t\t\t<span class=\"post-date\">07\/05\/2025<\/span>\n\t\t\t\t\t\t\t\t\t<\/li>\n\t\t\t\t\t\t\t\t\t\t\t<li>\n\t\t\t\t\t<a href=\"https:\/\/mykonosgreeceholidays.com\/es\/why-villas-with-spa-and-massage-should-be-on-your-travel-wishlist\/\">\u00bfPor qu\u00e9 las villas con spa y masajes deber\u00edan estar en tu lista de deseos de viaje?<\/a>\n\t\t\t\t\t\t\t\t\t\t\t<span class=\"post-date\">28\/04\/2025<\/span>\n\t\t\t\t\t\t\t\t\t<\/li>\n\t\t\t\t\t\t\t\t\t\t\t<li>\n\t\t\t\t\t<a href=\"https:\/\/mykonosgreeceholidays.com\/es\/why-on-site-villa-events-parties-are-the-new-go-to-for-private-celebrations\/\">Por qu\u00e9 los eventos y fiestas en villas son la nueva opci\u00f3n para celebraciones privadas<\/a>\n\t\t\t\t\t\t\t\t\t\t\t<span class=\"post-date\">24\/04\/2025<\/span>\n\t\t\t\t\t\t\t\t\t<\/li>\n\t\t\t\t\t\t\t\t\t\t\t<li>\n\t\t\t\t\t<a href=\"https:\/\/mykonosgreeceholidays.com\/es\/romantic-villa-retreats-perfect-getaways-for-couples\/\">Retiros rom\u00e1nticos en villas: escapadas perfectas para parejas<\/a>\n\t\t\t\t\t\t\t\t\t\t\t<span class=\"post-date\">25\/03\/2025<\/span>\n\t\t\t\t\t\t\t\t\t<\/li>\n\t\t\t\t\t\t\t\t\t\t\t<li>\n\t\t\t\t\t<a href=\"https:\/\/mykonosgreeceholidays.com\/es\/how-to-choose-the-perfect-holiday-villa-for-your-next-escape\/\">C\u00f3mo elegir la villa de vacaciones perfecta para su pr\u00f3xima escapada<\/a>\n\t\t\t\t\t\t\t\t\t\t\t<span class=\"post-date\">12\/03\/2025<\/span>\n\t\t\t\t\t\t\t\t\t<\/li>\n\t\t\t\t\t\t\t\t\t\t\t<li>\n\t\t\t\t\t<a href=\"https:\/\/mykonosgreeceholidays.com\/es\/why-mykonos-villas-are-the-perfect-wedding-venue\/\">Por qu\u00e9 las villas de Mykonos son el lugar perfecto para celebrar bodas<\/a>\n\t\t\t\t\t\t\t\t\t\t\t<span class=\"post-date\">18\/02\/2025<\/span>\n\t\t\t\t\t\t\t\t\t<\/li>\n\t\t\t\t\t\t\t\t\t\t\t<li>\n\t\t\t\t\t<a href=\"https:\/\/mykonosgreeceholidays.com\/es\/private-pools-sunset-views-mykonos-villas-worth-every-penny\/\">Piscinas privadas y vistas del atardecer: Villas en Mykonos que valen cada centavo<\/a>\n\t\t\t\t\t\t\t\t\t\t\t<span class=\"post-date\">05\/02\/2025<\/span>\n\t\t\t\t\t\t\t\t\t<\/li>\n\t\t\t\t\t\t\t\t\t\t\t<li>\n\t\t\t\t\t<a href=\"https:\/\/mykonosgreeceholidays.com\/es\/discover-the-top-villa-rentals-in-mykonos-your-ultimate-guide-to-luxury-getaways\/\">Descubra los mejores alquileres de villas en Mykonos: su gu\u00eda definitiva para escapadas de lujo.<\/a>\n\t\t\t\t\t\t\t\t\t\t\t<span class=\"post-date\">22\/01\/2025<\/span>\n\t\t\t\t\t\t\t\t\t<\/li>\n\t\t\t\t\t\t\t\t\t\t\t<li>\n\t\t\t\t\t<a href=\"https:\/\/mykonosgreeceholidays.com\/es\/your-ultimate-guide-to-the-best-spa-resorts-in-mykonos-for-a-blissful-retreat\/\">Tu gu\u00eda definitiva de los mejores spas de Mykonos para un retiro inolvidable<\/a>\n\t\t\t\t\t\t\t\t\t\t\t<span class=\"post-date\">10\/01\/2025<\/span>\n\t\t\t\t\t\t\t\t\t<\/li>\n\t\t\t\t\t<\/ul>\n\n\t\t<\/div><\/div>\n\t\t<\/div> \n\t<\/div> \n<\/div>\n<\/div>","protected":false},"excerpt":{"rendered":"Latest Posts What Sets Luxury Vacation Homes Apart from the Rest 16\/09\/2025 Why Luxury Villas with Private Chef Are in High Demand 04\/09\/2025 How Vacation Rentals Provide More Comfort Than Hotels 19\/08\/2025 What to Expect from a Luxury Villa with a Private Chef 14\/08\/2025 How a Private Chef Transforms Your Luxury Villa Vacation Experience 16\/07\/2025<br class=\"read-more-spacer\"> <a class=\"more-link\" href=\"https:\/\/mykonosgreeceholidays.com\/es\/blog\/\"><i class=\"entypo entypo-right-open\"><\/i>Read More<\/a>","protected":false},"author":2,"featured_media":0,"parent":0,"menu_order":0,"comment_status":"closed","ping_status":"closed","template":"","meta":{"_acf_changed":true,"footnotes":""},"class_list":["post-1541","page","type-page","status-publish","hentry"],"yoast_head":"<!-- This site is optimized with the Yoast SEO plugin v27.6 - https:\/\/yoast.com\/product\/yoast-seo-wordpress\/ -->\n<title>Blog - Mykonos Greece Holidays<\/title>\n<meta name=\"description\" content=\"Discover four exclusive luxury villas in Mykonos, offering breathtaking sea views, private pools, and modern elegance. Perfect for a dream getaway in Greece. Book your stay today!\" \/>\n<meta name=\"robots\" content=\"index, follow, max-snippet:-1, max-image-preview:large, max-video-preview:-1\" \/>\n<link rel=\"canonical\" href=\"https:\/\/mykonosgreeceholidays.com\/es\/blog\/\" \/>\n<meta property=\"og:locale\" content=\"es_ES\" \/>\n<meta property=\"og:type\" content=\"article\" \/>\n<meta property=\"og:title\" content=\"Blog - Mykonos Greece Holidays\" \/>\n<meta property=\"og:description\" content=\"Discover four exclusive luxury villas in Mykonos, offering breathtaking sea views, private pools, and modern elegance. Perfect for a dream getaway in Greece. Book your stay today!\" \/>\n<meta property=\"og:url\" content=\"https:\/\/mykonosgreeceholidays.com\/es\/blog\/\" \/>\n<meta property=\"og:site_name\" content=\"Mykonos Greece Holidays\" \/>\n<meta property=\"article:publisher\" content=\"https:\/\/www.facebook.com\/whitevillamykonos\" \/>\n<meta property=\"article:modified_time\" content=\"2025-09-19T13:19:40+00:00\" \/>\n<meta name=\"twitter:card\" content=\"summary_large_image\" \/>\n<script type=\"application\/ld+json\" class=\"yoast-schema-graph\">{\"@context\":\"https:\\\/\\\/schema.org\",\"@graph\":[{\"@type\":\"WebPage\",\"@id\":\"https:\\\/\\\/mykonosgreeceholidays.com\\\/blog\\\/\",\"url\":\"https:\\\/\\\/mykonosgreeceholidays.com\\\/blog\\\/\",\"name\":\"Blog - Mykonos Greece Holidays\",\"isPartOf\":{\"@id\":\"https:\\\/\\\/mykonosgreeceholidays.com\\\/#website\"},\"datePublished\":\"2025-02-25T06:19:48+00:00\",\"dateModified\":\"2025-09-19T13:19:40+00:00\",\"description\":\"Discover four exclusive luxury villas in Mykonos, offering breathtaking sea views, private pools, and modern elegance. Perfect for a dream getaway in Greece. Book your stay today!\",\"breadcrumb\":{\"@id\":\"https:\\\/\\\/mykonosgreeceholidays.com\\\/blog\\\/#breadcrumb\"},\"inLanguage\":\"es\",\"potentialAction\":[{\"@type\":\"ReadAction\",\"target\":[\"https:\\\/\\\/mykonosgreeceholidays.com\\\/blog\\\/\"]}]},{\"@type\":\"BreadcrumbList\",\"@id\":\"https:\\\/\\\/mykonosgreeceholidays.com\\\/blog\\\/#breadcrumb\",\"itemListElement\":[{\"@type\":\"ListItem\",\"position\":1,\"name\":\"\u0391\u03c1\u03c7\u03b9\u03ba\u03ae\",\"item\":\"https:\\\/\\\/mykonosgreeceholidays.com\\\/\"},{\"@type\":\"ListItem\",\"position\":2,\"name\":\"Blog\"}]},{\"@type\":\"WebSite\",\"@id\":\"https:\\\/\\\/mykonosgreeceholidays.com\\\/#website\",\"url\":\"https:\\\/\\\/mykonosgreeceholidays.com\\\/\",\"name\":\"Mykonos Greece Holidays\",\"description\":\"Villas &amp; Accommodation\",\"publisher\":{\"@id\":\"https:\\\/\\\/mykonosgreeceholidays.com\\\/#organization\"},\"potentialAction\":[{\"@type\":\"SearchAction\",\"target\":{\"@type\":\"EntryPoint\",\"urlTemplate\":\"https:\\\/\\\/mykonosgreeceholidays.com\\\/?s={search_term_string}\"},\"query-input\":{\"@type\":\"PropertyValueSpecification\",\"valueRequired\":true,\"valueName\":\"search_term_string\"}}],\"inLanguage\":\"es\"},{\"@type\":\"Organization\",\"@id\":\"https:\\\/\\\/mykonosgreeceholidays.com\\\/#organization\",\"name\":\"Mykonos Greece Holidays\",\"url\":\"https:\\\/\\\/mykonosgreeceholidays.com\\\/\",\"logo\":{\"@type\":\"ImageObject\",\"inLanguage\":\"es\",\"@id\":\"https:\\\/\\\/mykonosgreeceholidays.com\\\/#\\\/schema\\\/logo\\\/image\\\/\",\"url\":\"https:\\\/\\\/mykonosgreeceholidays.com\\\/wp-content\\\/uploads\\\/2025\\\/01\\\/favicon.ico\",\"contentUrl\":\"https:\\\/\\\/mykonosgreeceholidays.com\\\/wp-content\\\/uploads\\\/2025\\\/01\\\/favicon.ico\",\"width\":55,\"height\":55,\"caption\":\"Mykonos Greece Holidays\"},\"image\":{\"@id\":\"https:\\\/\\\/mykonosgreeceholidays.com\\\/#\\\/schema\\\/logo\\\/image\\\/\"},\"sameAs\":[\"https:\\\/\\\/www.facebook.com\\\/whitevillamykonos\",\"https:\\\/\\\/www.facebook.com\\\/VillasKappas\",\"https:\\\/\\\/www.youtube.com\\\/@mykonosgreeceholidays-yt\",\"https:\\\/\\\/gr.pinterest.com\\\/villaskappas\\\/\",\"https:\\\/\\\/www.tiktok.com\\\/@villa.kappas.myko\"]}]}<\/script>\n<!-- \/ Yoast SEO plugin. -->","yoast_head_json":{"title":"Blog - Mykonos Greece Holidays","description":"Discover four exclusive luxury villas in Mykonos, offering breathtaking sea views, private pools, and modern elegance. Perfect for a dream getaway in Greece. Book your stay today!","robots":{"index":"index","follow":"follow","max-snippet":"max-snippet:-1","max-image-preview":"max-image-preview:large","max-video-preview":"max-video-preview:-1"},"canonical":"https:\/\/mykonosgreeceholidays.com\/es\/blog\/","og_locale":"es_ES","og_type":"article","og_title":"Blog - Mykonos Greece Holidays","og_description":"Discover four exclusive luxury villas in Mykonos, offering breathtaking sea views, private pools, and modern elegance. Perfect for a dream getaway in Greece. Book your stay today!","og_url":"https:\/\/mykonosgreeceholidays.com\/es\/blog\/","og_site_name":"Mykonos Greece Holidays","article_publisher":"https:\/\/www.facebook.com\/whitevillamykonos","article_modified_time":"2025-09-19T13:19:40+00:00","twitter_card":"summary_large_image","schema":{"@context":"https:\/\/schema.org","@graph":[{"@type":"WebPage","@id":"https:\/\/mykonosgreeceholidays.com\/blog\/","url":"https:\/\/mykonosgreeceholidays.com\/blog\/","name":"Blog - Mykonos Greece Holidays","isPartOf":{"@id":"https:\/\/mykonosgreeceholidays.com\/#website"},"datePublished":"2025-02-25T06:19:48+00:00","dateModified":"2025-09-19T13:19:40+00:00","description":"Discover four exclusive luxury villas in Mykonos, offering breathtaking sea views, private pools, and modern elegance. Perfect for a dream getaway in Greece. Book your stay today!","breadcrumb":{"@id":"https:\/\/mykonosgreeceholidays.com\/blog\/#breadcrumb"},"inLanguage":"es","potentialAction":[{"@type":"ReadAction","target":["https:\/\/mykonosgreeceholidays.com\/blog\/"]}]},{"@type":"BreadcrumbList","@id":"https:\/\/mykonosgreeceholidays.com\/blog\/#breadcrumb","itemListElement":[{"@type":"ListItem","position":1,"name":"\u0391\u03c1\u03c7\u03b9\u03ba\u03ae","item":"https:\/\/mykonosgreeceholidays.com\/"},{"@type":"ListItem","position":2,"name":"Blog"}]},{"@type":"WebSite","@id":"https:\/\/mykonosgreeceholidays.com\/#website","url":"https:\/\/mykonosgreeceholidays.com\/","name":"Mykonos Greece Holidays","description":"Villas &amp; Accommodation","publisher":{"@id":"https:\/\/mykonosgreeceholidays.com\/#organization"},"potentialAction":[{"@type":"SearchAction","target":{"@type":"EntryPoint","urlTemplate":"https:\/\/mykonosgreeceholidays.com\/?s={search_term_string}"},"query-input":{"@type":"PropertyValueSpecification","valueRequired":true,"valueName":"search_term_string"}}],"inLanguage":"es"},{"@type":"Organization","@id":"https:\/\/mykonosgreeceholidays.com\/#organization","name":"Mykonos Greece Holidays","url":"https:\/\/mykonosgreeceholidays.com\/","logo":{"@type":"ImageObject","inLanguage":"es","@id":"https:\/\/mykonosgreeceholidays.com\/#\/schema\/logo\/image\/","url":"https:\/\/mykonosgreeceholidays.com\/wp-content\/uploads\/2025\/01\/favicon.ico","contentUrl":"https:\/\/mykonosgreeceholidays.com\/wp-content\/uploads\/2025\/01\/favicon.ico","width":55,"height":55,"caption":"Mykonos Greece Holidays"},"image":{"@id":"https:\/\/mykonosgreeceholidays.com\/#\/schema\/logo\/image\/"},"sameAs":["https:\/\/www.facebook.com\/whitevillamykonos","https:\/\/www.facebook.com\/VillasKappas","https:\/\/www.youtube.com\/@mykonosgreeceholidays-yt","https:\/\/gr.pinterest.com\/villaskappas\/","https:\/\/www.tiktok.com\/@villa.kappas.myko"]}]}},"acf":[],"_links":{"self":[{"href":"https:\/\/mykonosgreeceholidays.com\/es\/wp-json\/wp\/v2\/pages\/1541","targetHints":{"allow":["GET"]}}],"collection":[{"href":"https:\/\/mykonosgreeceholidays.com\/es\/wp-json\/wp\/v2\/pages"}],"about":[{"href":"https:\/\/mykonosgreeceholidays.com\/es\/wp-json\/wp\/v2\/types\/page"}],"author":[{"embeddable":true,"href":"https:\/\/mykonosgreeceholidays.com\/es\/wp-json\/wp\/v2\/users\/2"}],"replies":[{"embeddable":true,"href":"https:\/\/mykonosgreeceholidays.com\/es\/wp-json\/wp\/v2\/comments?post=1541"}],"version-history":[{"count":0,"href":"https:\/\/mykonosgreeceholidays.com\/es\/wp-json\/wp\/v2\/pages\/1541\/revisions"}],"wp:attachment":[{"href":"https:\/\/mykonosgreeceholidays.com\/es\/wp-json\/wp\/v2\/media?parent=1541"}],"curies":[{"name":"wp","href":"https:\/\/api.w.org\/{rel}","templated":true}]}}